{"id":35548,"date":"2026-01-21T21:08:49","date_gmt":"2026-01-21T20:08:49","guid":{"rendered":"https:\/\/mariasimona.com\/versand-ruecksendungen\/"},"modified":"2026-01-30T16:14:58","modified_gmt":"2026-01-30T15:14:58","slug":"versand-ruecksendungen","status":"publish","type":"page","link":"https:\/\/mariasimona.com\/de\/versand-ruecksendungen\/","title":{"rendered":"Versand &amp; R\u00fccksendungen"},"content":{"rendered":"\t\t<div data-elementor-type=\"wp-page\" data-elementor-id=\"35548\" class=\"elementor elementor-35548 elementor-779\" data-elementor-post-type=\"page\">\n\t\t\t\t<div class=\"elementor-element elementor-element-fd3ddcc e-flex e-con-boxed e-con e-parent\" data-id=\"fd3ddcc\" data-element_type=\"container\" data-e-type=\"container\" data-settings=\"{&quot;background_background&quot;:&quot;classic&quot;}\">\n\t\t\t\t\t<div class=\"e-con-inner\">\n\t\t\t\t<div class=\"elementor-element elementor-element-9dd28cd elementor-widget elementor-widget-heading\" data-id=\"9dd28cd\" data-element_type=\"widget\" data-e-type=\"widget\" data-widget_type=\"heading.default\">\n\t\t\t\t\t<h1 class=\"elementor-heading-title elementor-size-default\">Versand &amp; R\u00fccksendungen<\/h1>\t\t\t\t<\/div>\n\t\t\t\t\t<\/div>\n\t\t\t\t<\/div>\n\t\t<div class=\"elementor-element elementor-element-424a4ed e-flex e-con-boxed e-con e-parent\" data-id=\"424a4ed\" data-element_type=\"container\" data-e-type=\"container\" data-settings=\"{&quot;background_background&quot;:&quot;classic&quot;}\">\n\t\t\t\t\t<div class=\"e-con-inner\">\n\t\t<div class=\"elementor-element elementor-element-91eefa7 e-grid e-con-full e-con e-child\" data-id=\"91eefa7\" data-element_type=\"container\" data-e-type=\"container\">\n\t\t\t\t<div class=\"elementor-element elementor-element-3ad1afb carte1 elementor-view-default elementor-position-block-start elementor-mobile-position-block-start elementor-widget elementor-widget-icon-box\" data-id=\"3ad1afb\" data-element_type=\"widget\" data-e-type=\"widget\" data-widget_type=\"icon-box.default\">\n\t\t\t\t\t\t\t<div class=\"elementor-icon-box-wrapper\">\n\n\t\t\t\t\t\t<div class=\"elementor-icon-box-icon\">\n\t\t\t\t<span  class=\"elementor-icon\">\n\t\t\t\t<i aria-hidden=\"true\" class=\"feather feather-truck\"><\/i>\t\t\t\t<\/span>\n\t\t\t<\/div>\n\t\t\t\n\t\t\t\t\t\t<div class=\"elementor-icon-box-content\">\n\n\t\t\t\t\t\t\t\t\t<h3 class=\"elementor-icon-box-title\">\n\t\t\t\t\t\t<span  >\n\t\t\t\t\t\t\tSchnelle Lieferung\t\t\t\t\t\t<\/span>\n\t\t\t\t\t<\/h3>\n\t\t\t\t\n\t\t\t\t\t\t\t\t\t<p class=\"elementor-icon-box-description\">\n\t\t\t\t\t\tVersand innerhalb von 24-48 Stunden nach Best\u00e4tigung Ihrer Bestellung.\t\t\t\t\t<\/p>\n\t\t\t\t\n\t\t\t<\/div>\n\t\t\t\n\t\t<\/div>\n\t\t\t\t\t\t<\/div>\n\t\t\t\t<div class=\"elementor-element elementor-element-6e3bc0b carte1 elementor-view-default elementor-position-block-start elementor-mobile-position-block-start elementor-widget elementor-widget-icon-box\" data-id=\"6e3bc0b\" data-element_type=\"widget\" data-e-type=\"widget\" data-widget_type=\"icon-box.default\">\n\t\t\t\t\t\t\t<div class=\"elementor-icon-box-wrapper\">\n\n\t\t\t\t\t\t<div class=\"elementor-icon-box-icon\">\n\t\t\t\t<span  class=\"elementor-icon\">\n\t\t\t\t<i aria-hidden=\"true\" class=\"feather feather-globe\"><\/i>\t\t\t\t<\/span>\n\t\t\t<\/div>\n\t\t\t\n\t\t\t\t\t\t<div class=\"elementor-icon-box-content\">\n\n\t\t\t\t\t\t\t\t\t<h3 class=\"elementor-icon-box-title\">\n\t\t\t\t\t\t<span  >\n\t\t\t\t\t\t\tWeltweiter Versand\t\t\t\t\t\t<\/span>\n\t\t\t\t\t<\/h3>\n\t\t\t\t\n\t\t\t\t\t\t\t\t\t<p class=\"elementor-icon-box-description\">\n\t\t\t\t\t\tWir liefern weltweit mit Sendungsverfolgung.\t\t\t\t\t<\/p>\n\t\t\t\t\n\t\t\t<\/div>\n\t\t\t\n\t\t<\/div>\n\t\t\t\t\t\t<\/div>\n\t\t\t\t<div class=\"elementor-element elementor-element-5524ce1 carte1 elementor-view-default elementor-position-block-start elementor-mobile-position-block-start elementor-widget elementor-widget-icon-box\" data-id=\"5524ce1\" data-element_type=\"widget\" data-e-type=\"widget\" data-widget_type=\"icon-box.default\">\n\t\t\t\t\t\t\t<div class=\"elementor-icon-box-wrapper\">\n\n\t\t\t\t\t\t<div class=\"elementor-icon-box-icon\">\n\t\t\t\t<span  class=\"elementor-icon\">\n\t\t\t\t<i aria-hidden=\"true\" class=\"uic fi-rr-clock-five\"><\/i>\t\t\t\t<\/span>\n\t\t\t<\/div>\n\t\t\t\n\t\t\t\t\t\t<div class=\"elementor-icon-box-content\">\n\n\t\t\t\t\t\t\t\t\t<h3 class=\"elementor-icon-box-title\">\n\t\t\t\t\t\t<span  >\n\t\t\t\t\t\t\tGarantierte Lieferzeiten\t\t\t\t\t\t<\/span>\n\t\t\t\t\t<\/h3>\n\t\t\t\t\n\t\t\t\t\t\t\t\t\t<p class=\"elementor-icon-box-description\">\n\t\t\t\t\t\tFrankreich: 2-3 Tage | Europa: 3-5 Tage | Welt: 5-10 Tage\t\t\t\t\t<\/p>\n\t\t\t\t\n\t\t\t<\/div>\n\t\t\t\n\t\t<\/div>\n\t\t\t\t\t\t<\/div>\n\t\t\t\t<div class=\"elementor-element elementor-element-6e76c89 carte1 elementor-view-default elementor-position-block-start elementor-mobile-position-block-start elementor-widget elementor-widget-icon-box\" data-id=\"6e76c89\" data-element_type=\"widget\" data-e-type=\"widget\" data-widget_type=\"icon-box.default\">\n\t\t\t\t\t\t\t<div class=\"elementor-icon-box-wrapper\">\n\n\t\t\t\t\t\t<div class=\"elementor-icon-box-icon\">\n\t\t\t\t<span  class=\"elementor-icon\">\n\t\t\t\t<i aria-hidden=\"true\" class=\"uic ms-Icon--CubeShape\"><\/i>\t\t\t\t<\/span>\n\t\t\t<\/div>\n\t\t\t\n\t\t\t\t\t\t<div class=\"elementor-icon-box-content\">\n\n\t\t\t\t\t\t\t\t\t<h3 class=\"elementor-icon-box-title\">\n\t\t\t\t\t\t<span  >\n\t\t\t\t\t\t\tSorgf\u00e4ltige Verpackung\t\t\t\t\t\t<\/span>\n\t\t\t\t\t<\/h3>\n\t\t\t\t\n\t\t\t\t\t\t\t\t\t<p class=\"elementor-icon-box-description\">\n\t\t\t\t\t\tIhre Turrons werden sorgf\u00e4ltig verpackt, um ihre Frische zu gew\u00e4hrleisten.\t\t\t\t\t<\/p>\n\t\t\t\t\n\t\t\t<\/div>\n\t\t\t\n\t\t<\/div>\n\t\t\t\t\t\t<\/div>\n\t\t\t\t<\/div>\n\t\t\t\t<div class=\"elementor-element elementor-element-a3bd34c elementor-widget elementor-widget-heading\" data-id=\"a3bd34c\" data-element_type=\"widget\" data-e-type=\"widget\" data-widget_type=\"heading.default\">\n\t\t\t\t\t<h2 class=\"elementor-heading-title elementor-size-default\">Versandkosten<\/h2>\t\t\t\t<\/div>\n\t\t<div class=\"elementor-element elementor-element-de62447 e-con-full e-flex e-con e-child\" data-id=\"de62447\" data-element_type=\"container\" data-e-type=\"container\" data-settings=\"{&quot;background_background&quot;:&quot;classic&quot;}\">\n\t\t<div class=\"elementor-element elementor-element-072d612 e-con-full e-flex e-con e-child\" data-id=\"072d612\" data-element_type=\"container\" data-e-type=\"container\">\n\t\t\t\t<div class=\"elementor-element elementor-element-61bba9e elementor-widget elementor-widget-heading\" data-id=\"61bba9e\" data-element_type=\"widget\" data-e-type=\"widget\" data-widget_type=\"heading.default\">\n\t\t\t\t\t<span class=\"elementor-heading-title elementor-size-default\">Zone<\/span>\t\t\t\t<\/div>\n\t\t\t\t<div class=\"elementor-element elementor-element-47f2d40 elementor-widget elementor-widget-heading\" data-id=\"47f2d40\" data-element_type=\"widget\" data-e-type=\"widget\" data-widget_type=\"heading.default\">\n\t\t\t\t\t<span class=\"elementor-heading-title elementor-size-default\">Kosten<\/span>\t\t\t\t<\/div>\n\t\t\t\t<\/div>\n\t\t<div class=\"elementor-element elementor-element-5a44c42 e-con-full e-flex e-con e-child\" data-id=\"5a44c42\" data-element_type=\"container\" data-e-type=\"container\">\n\t\t\t\t<div class=\"elementor-element elementor-element-5e224a5 elementor-widget elementor-widget-text-editor\" data-id=\"5e224a5\" data-element_type=\"widget\" data-e-type=\"widget\" data-widget_type=\"text-editor.default\">\n\t\t\t\t\t\t\t\t\t<p>Festlandfrankreich<\/p>\t\t\t\t\t\t\t\t<\/div>\n\t\t\t\t<div class=\"elementor-element elementor-element-909d256 elementor-widget elementor-widget-text-editor\" data-id=\"909d256\" data-element_type=\"widget\" data-e-type=\"widget\" data-widget_type=\"text-editor.default\">\n\t\t\t\t\t\t\t\t\t<p>Ab 4,90 \u20ac<\/p>\t\t\t\t\t\t\t\t<\/div>\n\t\t\t\t<\/div>\n\t\t<div class=\"elementor-element elementor-element-826888f e-con-full e-flex e-con e-child\" data-id=\"826888f\" data-element_type=\"container\" data-e-type=\"container\">\n\t\t\t\t<div class=\"elementor-element elementor-element-a2c0a6e elementor-widget elementor-widget-text-editor\" data-id=\"a2c0a6e\" data-element_type=\"widget\" data-e-type=\"widget\" data-widget_type=\"text-editor.default\">\n\t\t\t\t\t\t\t\t\t<p>Europa (EU)<\/p>\t\t\t\t\t\t\t\t<\/div>\n\t\t\t\t<div class=\"elementor-element elementor-element-a3e1ba5 elementor-widget elementor-widget-text-editor\" data-id=\"a3e1ba5\" data-element_type=\"widget\" data-e-type=\"widget\" data-widget_type=\"text-editor.default\">\n\t\t\t\t\t\t\t\t\t<p>Ab 9,90 \u20ac<\/p>\t\t\t\t\t\t\t\t<\/div>\n\t\t\t\t<\/div>\n\t\t<div class=\"elementor-element elementor-element-72f86da e-con-full e-flex e-con e-child\" data-id=\"72f86da\" data-element_type=\"container\" data-e-type=\"container\">\n\t\t\t\t<div class=\"elementor-element elementor-element-8f63c42 elementor-widget elementor-widget-text-editor\" data-id=\"8f63c42\" data-element_type=\"widget\" data-e-type=\"widget\" data-widget_type=\"text-editor.default\">\n\t\t\t\t\t\t\t\t\t<p>Rest der Welt<\/p>\t\t\t\t\t\t\t\t<\/div>\n\t\t\t\t<div class=\"elementor-element elementor-element-6a16ba7 elementor-widget elementor-widget-text-editor\" data-id=\"6a16ba7\" data-element_type=\"widget\" data-e-type=\"widget\" data-widget_type=\"text-editor.default\">\n\t\t\t\t\t\t\t\t\t<p>Auf Anfrage<\/p>\t\t\t\t\t\t\t\t<\/div>\n\t\t\t\t<\/div>\n\t\t\t\t<\/div>\n\t\t\t\t<div class=\"elementor-element elementor-element-c8bd68e elementor-widget elementor-widget-heading\" data-id=\"c8bd68e\" data-element_type=\"widget\" data-e-type=\"widget\" data-widget_type=\"heading.default\">\n\t\t\t\t\t<h2 class=\"elementor-heading-title elementor-size-default\">R\u00fcckgaberichtlinien<\/h2>\t\t\t\t<\/div>\n\t\t\t\t<div class=\"elementor-element elementor-element-e04b445 elementor-widget elementor-widget-text-editor\" data-id=\"e04b445\" data-element_type=\"widget\" data-e-type=\"widget\" data-widget_type=\"text-editor.default\">\n\t\t\t\t\t\t\t\t\t<p class=\"text-muted-foreground mb-4\">Sie haben 14 Tage Zeit nach Erhalt Ihrer Bestellung, um ein Produkt an uns zur\u00fcckzusenden, das Ihnen nicht zusagt.<\/p><p class=\"text-muted-foreground mb-4\">Die Produkte m\u00fcssen in ihrer Originalverpackung, unge\u00f6ffnet und in einwandfreiem Zustand zur\u00fcckgesendet werden.<\/p><p class=\"text-muted-foreground\">Um eine R\u00fccksendung zu veranlassen, kontaktieren Sie uns unter <a class=\"text-primary hover:underline\" href=\"mailto:contacto@mariasimona.com\">contacto@mariasimona.com<\/a><\/p>\t\t\t\t\t\t\t\t<\/div>\n\t\t\t\t\t<\/div>\n\t\t\t\t<\/div>\n\t\t\t\t<\/div>\n\t\t","protected":false},"excerpt":{"rendered":"<p>Versand &amp; R\u00fccksendungen Schnelle Lieferung Versand innerhalb von 24-48 Stunden nach Best\u00e4tigung Ihrer Bestellung. Weltweiter Versand Wir liefern weltweit mit Sendungsverfolgung. Garantierte Lieferzeiten Frankreich: 2-3 Tage | Europa: 3-5 Tage | Welt: 5-10 Tage Sorgf\u00e4ltige Verpackung Ihre Turrons werden sorgf\u00e4ltig verpackt, um ihre Frische zu gew\u00e4hrleisten. Versandkosten Zone Kosten Festlandfrankreich Ab 4,90 \u20ac Europa (EU) [&hellip;]<\/p>\n","protected":false},"author":2,"featured_media":0,"parent":0,"menu_order":0,"comment_status":"closed","ping_status":"closed","template":"","meta":{"footnotes":""},"class_list":["post-35548","page","type-page","status-publish","hentry"],"yoast_head":"<!-- This site is optimized with the Yoast SEO plugin v27.5 - https:\/\/yoast.com\/product\/yoast-seo-wordpress\/ -->\n<title>Versand &amp; R\u00fccksendungen - Maria Simona<\/title>\n<meta name=\"robots\" content=\"index, follow, max-snippet:-1, max-image-preview:large, max-video-preview:-1\" \/>\n<link rel=\"canonical\" href=\"https:\/\/mariasimona.com\/de\/versand-ruecksendungen\/\" \/>\n<meta property=\"og:locale\" content=\"de_DE\" \/>\n<meta property=\"og:type\" content=\"article\" \/>\n<meta property=\"og:title\" content=\"Versand &amp; R\u00fccksendungen - Maria Simona\" \/>\n<meta property=\"og:description\" content=\"Versand &amp; R\u00fccksendungen Schnelle Lieferung Versand innerhalb von 24-48 Stunden nach Best\u00e4tigung Ihrer Bestellung. Weltweiter Versand Wir liefern weltweit mit Sendungsverfolgung. Garantierte Lieferzeiten Frankreich: 2-3 Tage | Europa: 3-5 Tage | Welt: 5-10 Tage Sorgf\u00e4ltige Verpackung Ihre Turrons werden sorgf\u00e4ltig verpackt, um ihre Frische zu gew\u00e4hrleisten. Versandkosten Zone Kosten Festlandfrankreich Ab 4,90 \u20ac Europa (EU) [&hellip;]\" \/>\n<meta property=\"og:url\" content=\"https:\/\/mariasimona.com\/de\/versand-ruecksendungen\/\" \/>\n<meta property=\"og:site_name\" content=\"Maria Simona\" \/>\n<meta property=\"article:modified_time\" content=\"2026-01-30T15:14:58+00:00\" \/>\n<meta name=\"twitter:card\" content=\"summary_large_image\" \/>\n<meta name=\"twitter:label1\" content=\"Gesch\u00e4tzte Lesezeit\" \/>\n\t<meta name=\"twitter:data1\" content=\"1\u00a0Minute\" \/>\n<script type=\"application\/ld+json\" class=\"yoast-schema-graph\">{\"@context\":\"https:\\\/\\\/schema.org\",\"@graph\":[{\"@type\":\"WebPage\",\"@id\":\"https:\\\/\\\/mariasimona.com\\\/de\\\/versand-ruecksendungen\\\/\",\"url\":\"https:\\\/\\\/mariasimona.com\\\/de\\\/versand-ruecksendungen\\\/\",\"name\":\"Versand &amp; R\u00fccksendungen - Maria Simona\",\"isPartOf\":{\"@id\":\"https:\\\/\\\/mariasimona.com\\\/de\\\/#website\"},\"datePublished\":\"2026-01-21T20:08:49+00:00\",\"dateModified\":\"2026-01-30T15:14:58+00:00\",\"breadcrumb\":{\"@id\":\"https:\\\/\\\/mariasimona.com\\\/de\\\/versand-ruecksendungen\\\/#breadcrumb\"},\"inLanguage\":\"de\",\"potentialAction\":[{\"@type\":\"ReadAction\",\"target\":[\"https:\\\/\\\/mariasimona.com\\\/de\\\/versand-ruecksendungen\\\/\"]}]},{\"@type\":\"BreadcrumbList\",\"@id\":\"https:\\\/\\\/mariasimona.com\\\/de\\\/versand-ruecksendungen\\\/#breadcrumb\",\"itemListElement\":[{\"@type\":\"ListItem\",\"position\":1,\"name\":\"Startseite\",\"item\":\"https:\\\/\\\/mariasimona.com\\\/de\\\/startseite\\\/\"},{\"@type\":\"ListItem\",\"position\":2,\"name\":\"Versand &amp; R\u00fccksendungen\"}]},{\"@type\":\"WebSite\",\"@id\":\"https:\\\/\\\/mariasimona.com\\\/de\\\/#website\",\"url\":\"https:\\\/\\\/mariasimona.com\\\/de\\\/\",\"name\":\"Maria Simona\",\"description\":\"Maria Simona\",\"publisher\":{\"@id\":\"https:\\\/\\\/mariasimona.com\\\/de\\\/#organization\"},\"potentialAction\":[{\"@type\":\"SearchAction\",\"target\":{\"@type\":\"EntryPoint\",\"urlTemplate\":\"https:\\\/\\\/mariasimona.com\\\/de\\\/?s={search_term_string}\"},\"query-input\":{\"@type\":\"PropertyValueSpecification\",\"valueRequired\":true,\"valueName\":\"search_term_string\"}}],\"inLanguage\":\"de\"},{\"@type\":\"Organization\",\"@id\":\"https:\\\/\\\/mariasimona.com\\\/de\\\/#organization\",\"name\":\"Maria Simona\",\"url\":\"https:\\\/\\\/mariasimona.com\\\/de\\\/\",\"logo\":{\"@type\":\"ImageObject\",\"inLanguage\":\"de\",\"@id\":\"https:\\\/\\\/mariasimona.com\\\/de\\\/#\\\/schema\\\/logo\\\/image\\\/\",\"url\":\"https:\\\/\\\/mariasimona.com\\\/wp-content\\\/uploads\\\/2026\\\/01\\\/cropped-cropped-cropped-Logo-Maria-Simona.png\",\"contentUrl\":\"https:\\\/\\\/mariasimona.com\\\/wp-content\\\/uploads\\\/2026\\\/01\\\/cropped-cropped-cropped-Logo-Maria-Simona.png\",\"width\":718,\"height\":529,\"caption\":\"Maria Simona\"},\"image\":{\"@id\":\"https:\\\/\\\/mariasimona.com\\\/de\\\/#\\\/schema\\\/logo\\\/image\\\/\"}}]}<\/script>\n<!-- \/ Yoast SEO plugin. -->","yoast_head_json":{"title":"Versand &amp; R\u00fccksendungen - Maria Simona","robots":{"index":"index","follow":"follow","max-snippet":"max-snippet:-1","max-image-preview":"max-image-preview:large","max-video-preview":"max-video-preview:-1"},"canonical":"https:\/\/mariasimona.com\/de\/versand-ruecksendungen\/","og_locale":"de_DE","og_type":"article","og_title":"Versand &amp; R\u00fccksendungen - Maria Simona","og_description":"Versand &amp; R\u00fccksendungen Schnelle Lieferung Versand innerhalb von 24-48 Stunden nach Best\u00e4tigung Ihrer Bestellung. Weltweiter Versand Wir liefern weltweit mit Sendungsverfolgung. Garantierte Lieferzeiten Frankreich: 2-3 Tage | Europa: 3-5 Tage | Welt: 5-10 Tage Sorgf\u00e4ltige Verpackung Ihre Turrons werden sorgf\u00e4ltig verpackt, um ihre Frische zu gew\u00e4hrleisten. Versandkosten Zone Kosten Festlandfrankreich Ab 4,90 \u20ac Europa (EU) [&hellip;]","og_url":"https:\/\/mariasimona.com\/de\/versand-ruecksendungen\/","og_site_name":"Maria Simona","article_modified_time":"2026-01-30T15:14:58+00:00","twitter_card":"summary_large_image","twitter_misc":{"Gesch\u00e4tzte Lesezeit":"1\u00a0Minute"},"schema":{"@context":"https:\/\/schema.org","@graph":[{"@type":"WebPage","@id":"https:\/\/mariasimona.com\/de\/versand-ruecksendungen\/","url":"https:\/\/mariasimona.com\/de\/versand-ruecksendungen\/","name":"Versand &amp; R\u00fccksendungen - Maria Simona","isPartOf":{"@id":"https:\/\/mariasimona.com\/de\/#website"},"datePublished":"2026-01-21T20:08:49+00:00","dateModified":"2026-01-30T15:14:58+00:00","breadcrumb":{"@id":"https:\/\/mariasimona.com\/de\/versand-ruecksendungen\/#breadcrumb"},"inLanguage":"de","potentialAction":[{"@type":"ReadAction","target":["https:\/\/mariasimona.com\/de\/versand-ruecksendungen\/"]}]},{"@type":"BreadcrumbList","@id":"https:\/\/mariasimona.com\/de\/versand-ruecksendungen\/#breadcrumb","itemListElement":[{"@type":"ListItem","position":1,"name":"Startseite","item":"https:\/\/mariasimona.com\/de\/startseite\/"},{"@type":"ListItem","position":2,"name":"Versand &amp; R\u00fccksendungen"}]},{"@type":"WebSite","@id":"https:\/\/mariasimona.com\/de\/#website","url":"https:\/\/mariasimona.com\/de\/","name":"Maria Simona","description":"Maria Simona","publisher":{"@id":"https:\/\/mariasimona.com\/de\/#organization"},"potentialAction":[{"@type":"SearchAction","target":{"@type":"EntryPoint","urlTemplate":"https:\/\/mariasimona.com\/de\/?s={search_term_string}"},"query-input":{"@type":"PropertyValueSpecification","valueRequired":true,"valueName":"search_term_string"}}],"inLanguage":"de"},{"@type":"Organization","@id":"https:\/\/mariasimona.com\/de\/#organization","name":"Maria Simona","url":"https:\/\/mariasimona.com\/de\/","logo":{"@type":"ImageObject","inLanguage":"de","@id":"https:\/\/mariasimona.com\/de\/#\/schema\/logo\/image\/","url":"https:\/\/mariasimona.com\/wp-content\/uploads\/2026\/01\/cropped-cropped-cropped-Logo-Maria-Simona.png","contentUrl":"https:\/\/mariasimona.com\/wp-content\/uploads\/2026\/01\/cropped-cropped-cropped-Logo-Maria-Simona.png","width":718,"height":529,"caption":"Maria Simona"},"image":{"@id":"https:\/\/mariasimona.com\/de\/#\/schema\/logo\/image\/"}}]}},"_links":{"self":[{"href":"https:\/\/mariasimona.com\/de\/wp-json\/wp\/v2\/pages\/35548","targetHints":{"allow":["GET"]}}],"collection":[{"href":"https:\/\/mariasimona.com\/de\/wp-json\/wp\/v2\/pages"}],"about":[{"href":"https:\/\/mariasimona.com\/de\/wp-json\/wp\/v2\/types\/page"}],"author":[{"embeddable":true,"href":"https:\/\/mariasimona.com\/de\/wp-json\/wp\/v2\/users\/2"}],"replies":[{"embeddable":true,"href":"https:\/\/mariasimona.com\/de\/wp-json\/wp\/v2\/comments?post=35548"}],"version-history":[{"count":1,"href":"https:\/\/mariasimona.com\/de\/wp-json\/wp\/v2\/pages\/35548\/revisions"}],"predecessor-version":[{"id":35549,"href":"https:\/\/mariasimona.com\/de\/wp-json\/wp\/v2\/pages\/35548\/revisions\/35549"}],"wp:attachment":[{"href":"https:\/\/mariasimona.com\/de\/wp-json\/wp\/v2\/media?parent=35548"}],"curies":[{"name":"wp","href":"https:\/\/api.w.org\/{rel}","templated":true}]}}