{"id":35560,"date":"2026-01-21T21:08:57","date_gmt":"2026-01-21T20:08:57","guid":{"rendered":"https:\/\/mariasimona.com\/zufrieden-oder-geld-zurueck\/"},"modified":"2026-01-30T16:35:33","modified_gmt":"2026-01-30T15:35:33","slug":"zufrieden-oder-geld-zurueck","status":"publish","type":"page","link":"https:\/\/mariasimona.com\/de\/zufrieden-oder-geld-zurueck\/","title":{"rendered":"Zufrieden oder Geld zur\u00fcck"},"content":{"rendered":"\t\t<div data-elementor-type=\"wp-page\" data-elementor-id=\"35560\" class=\"elementor elementor-35560 elementor-781\" data-elementor-post-type=\"page\">\n\t\t\t\t<div class=\"elementor-element elementor-element-32ff85d e-flex e-con-boxed e-con e-parent\" data-id=\"32ff85d\" data-element_type=\"container\" data-e-type=\"container\" data-settings=\"{&quot;background_background&quot;:&quot;classic&quot;}\">\n\t\t\t\t\t<div class=\"e-con-inner\">\n\t\t\t\t<div class=\"elementor-element elementor-element-ecb3b2a elementor-widget elementor-widget-heading\" data-id=\"ecb3b2a\" data-element_type=\"widget\" data-e-type=\"widget\" data-widget_type=\"heading.default\">\n\t\t\t\t\t<h1 class=\"elementor-heading-title elementor-size-default\">Zufrieden oder Geld zur\u00fcck<\/h1>\t\t\t\t<\/div>\n\t\t\t\t\t<\/div>\n\t\t\t\t<\/div>\n\t\t<div class=\"elementor-element elementor-element-c7279ca e-flex e-con-boxed e-con e-parent\" data-id=\"c7279ca\" data-element_type=\"container\" data-e-type=\"container\" data-settings=\"{&quot;background_background&quot;:&quot;classic&quot;}\">\n\t\t\t\t\t<div class=\"e-con-inner\">\n\t\t<div class=\"elementor-element elementor-element-d0fcaf5 e-grid e-con-full e-con e-child\" data-id=\"d0fcaf5\" data-element_type=\"container\" data-e-type=\"container\">\n\t\t\t\t<div class=\"elementor-element elementor-element-54657fd carte1 elementor-view-default elementor-position-block-start elementor-mobile-position-block-start elementor-widget elementor-widget-icon-box\" data-id=\"54657fd\" data-element_type=\"widget\" data-e-type=\"widget\" data-widget_type=\"icon-box.default\">\n\t\t\t\t\t\t\t<div class=\"elementor-icon-box-wrapper\">\n\n\t\t\t\t\t\t<div class=\"elementor-icon-box-icon\">\n\t\t\t\t<span  class=\"elementor-icon\">\n\t\t\t\t<i aria-hidden=\"true\" class=\"feather feather-shield\"><\/i>\t\t\t\t<\/span>\n\t\t\t<\/div>\n\t\t\t\n\t\t\t\t\t\t<div class=\"elementor-icon-box-content\">\n\n\t\t\t\t\t\t\t\t\t<h3 class=\"elementor-icon-box-title\">\n\t\t\t\t\t\t<span  >\n\t\t\t\t\t\t\tQualit\u00e4tsgarantie\t\t\t\t\t\t<\/span>\n\t\t\t\t\t<\/h3>\n\t\t\t\t\n\t\t\t\t\t\t\t\t\t<p class=\"elementor-icon-box-description\">\n\t\t\t\t\t\tAlle unsere Produkte sind IGP-zertifiziert und werden nach strengen Qualit\u00e4tsstandards hergestellt.\t\t\t\t\t<\/p>\n\t\t\t\t\n\t\t\t<\/div>\n\t\t\t\n\t\t<\/div>\n\t\t\t\t\t\t<\/div>\n\t\t\t\t<div class=\"elementor-element elementor-element-2dbdbb2 carte1 elementor-view-default elementor-position-block-start elementor-mobile-position-block-start elementor-widget elementor-widget-icon-box\" data-id=\"2dbdbb2\" data-element_type=\"widget\" data-e-type=\"widget\" data-widget_type=\"icon-box.default\">\n\t\t\t\t\t\t\t<div class=\"elementor-icon-box-wrapper\">\n\n\t\t\t\t\t\t<div class=\"elementor-icon-box-icon\">\n\t\t\t\t<span  class=\"elementor-icon\">\n\t\t\t\t<i aria-hidden=\"true\" class=\"feather feather-rotate-ccw\"><\/i>\t\t\t\t<\/span>\n\t\t\t<\/div>\n\t\t\t\n\t\t\t\t\t\t<div class=\"elementor-icon-box-content\">\n\n\t\t\t\t\t\t\t\t\t<h3 class=\"elementor-icon-box-title\">\n\t\t\t\t\t\t<span  >\n\t\t\t\t\t\t\tEinfache R\u00fcckerstattung\t\t\t\t\t\t<\/span>\n\t\t\t\t\t<\/h3>\n\t\t\t\t\n\t\t\t\t\t\t\t\t\t<p class=\"elementor-icon-box-description\">\n\t\t\t\t\t\tKostenlose R\u00fccksendung innerhalb von 14 Tagen, wenn Sie mit Ihrem Kauf nicht zufrieden sind.\t\t\t\t\t<\/p>\n\t\t\t\t\n\t\t\t<\/div>\n\t\t\t\n\t\t<\/div>\n\t\t\t\t\t\t<\/div>\n\t\t\t\t<div class=\"elementor-element elementor-element-31200e2 carte1 elementor-view-default elementor-position-block-start elementor-mobile-position-block-start elementor-widget elementor-widget-icon-box\" data-id=\"31200e2\" data-element_type=\"widget\" data-e-type=\"widget\" data-widget_type=\"icon-box.default\">\n\t\t\t\t\t\t\t<div class=\"elementor-icon-box-wrapper\">\n\n\t\t\t\t\t\t<div class=\"elementor-icon-box-icon\">\n\t\t\t\t<span  class=\"elementor-icon\">\n\t\t\t\t<i aria-hidden=\"true\" class=\"xlwpf wppb-font-like\"><\/i>\t\t\t\t<\/span>\n\t\t\t<\/div>\n\t\t\t\n\t\t\t\t\t\t<div class=\"elementor-icon-box-content\">\n\n\t\t\t\t\t\t\t\t\t<h3 class=\"elementor-icon-box-title\">\n\t\t\t\t\t\t<span  >\n\t\t\t\t\t\t\tKundenzufriedenheit\t\t\t\t\t\t<\/span>\n\t\t\t\t\t<\/h3>\n\t\t\t\t\n\t\t\t\t\t\t\t\t\t<p class=\"elementor-icon-box-description\">\n\t\t\t\t\t\t98 % unserer Kunden empfehlen unsere Produkte ihren Freunden und Familie.\t\t\t\t\t<\/p>\n\t\t\t\t\n\t\t\t<\/div>\n\t\t\t\n\t\t<\/div>\n\t\t\t\t\t\t<\/div>\n\t\t\t\t<div class=\"elementor-element elementor-element-9194d6d carte1 elementor-view-default elementor-position-block-start elementor-mobile-position-block-start elementor-widget elementor-widget-icon-box\" data-id=\"9194d6d\" data-element_type=\"widget\" data-e-type=\"widget\" data-widget_type=\"icon-box.default\">\n\t\t\t\t\t\t\t<div class=\"elementor-icon-box-wrapper\">\n\n\t\t\t\t\t\t<div class=\"elementor-icon-box-icon\">\n\t\t\t\t<span  class=\"elementor-icon\">\n\t\t\t\t<i aria-hidden=\"true\" class=\"feather feather-headphones\"><\/i>\t\t\t\t<\/span>\n\t\t\t<\/div>\n\t\t\t\n\t\t\t\t\t\t<div class=\"elementor-icon-box-content\">\n\n\t\t\t\t\t\t\t\t\t<h3 class=\"elementor-icon-box-title\">\n\t\t\t\t\t\t<span  >\n\t\t\t\t\t\t\tReaktionsschneller Support\t\t\t\t\t\t<\/span>\n\t\t\t\t\t<\/h3>\n\t\t\t\t\n\t\t\t\t\t\t\t\t\t<p class=\"elementor-icon-box-description\">\n\t\t\t\t\t\tUnser Team steht Ihnen zur Verf\u00fcgung, um alle Ihre Fragen zu beantworten.\t\t\t\t\t<\/p>\n\t\t\t\t\n\t\t\t<\/div>\n\t\t\t\n\t\t<\/div>\n\t\t\t\t\t\t<\/div>\n\t\t\t\t<\/div>\n\t\t\t\t<div class=\"elementor-element elementor-element-fdb528b elementor-widget elementor-widget-heading\" data-id=\"fdb528b\" data-element_type=\"widget\" data-e-type=\"widget\" data-widget_type=\"heading.default\">\n\t\t\t\t\t<h2 class=\"elementor-heading-title elementor-size-default\">Unser Engagement<\/h2>\t\t\t\t<\/div>\n\t\t\t\t<div class=\"elementor-element elementor-element-6a7984a elementor-widget elementor-widget-text-editor\" data-id=\"6a7984a\" data-element_type=\"widget\" data-e-type=\"widget\" data-widget_type=\"text-editor.default\">\n\t\t\t\t\t\t\t\t\t<p>Bei Maria Simona ist Ihre Zufriedenheit unsere oberste Priorit\u00e4t. Deshalb bieten wir Ihnen eine Zufriedenheits- oder Geld-zur\u00fcck-Garantie f\u00fcr alle unsere Produkte. <\/p><p>Sollten Sie aus irgendeinem Grund mit Ihrem Kauf nicht vollst\u00e4ndig zufrieden sein, haben Sie 14 Tage ab Erhalt Ihrer Bestellung Zeit, um sie an uns zur\u00fcckzusenden.<\/p><p>Wir erstatten Ihnen den vollen Betrag Ihres Einkaufs, einschlie\u00dflich der urspr\u00fcnglichen Versandkosten (basierend auf dem Standardtarif).<\/p><p>Um eine R\u00fccksendung einzuleiten, kontaktieren Sie uns einfach unter <a class=\"text-primary hover:underline\" href=\"mailto:contacto@mariasimona.com\">contacto@mariasimona.com<\/a>. Unser Team wird Sie durch den gesamten Prozess f\u00fchren. <\/p>\t\t\t\t\t\t\t\t<\/div>\n\t\t\t\t\t<\/div>\n\t\t\t\t<\/div>\n\t\t\t\t<\/div>\n\t\t","protected":false},"excerpt":{"rendered":"<p>Zufrieden oder Geld zur\u00fcck Qualit\u00e4tsgarantie Alle unsere Produkte sind IGP-zertifiziert und werden nach strengen Qualit\u00e4tsstandards hergestellt. Einfache R\u00fcckerstattung Kostenlose R\u00fccksendung innerhalb von 14 Tagen, wenn Sie mit Ihrem Kauf nicht zufrieden sind. Kundenzufriedenheit 98 % unserer Kunden empfehlen unsere Produkte ihren Freunden und Familie. Reaktionsschneller Support Unser Team steht Ihnen zur Verf\u00fcgung, um alle Ihre [&hellip;]<\/p>\n","protected":false},"author":2,"featured_media":0,"parent":0,"menu_order":0,"comment_status":"closed","ping_status":"closed","template":"","meta":{"footnotes":""},"class_list":["post-35560","page","type-page","status-publish","hentry"],"yoast_head":"<!-- This site is optimized with the Yoast SEO plugin v27.5 - https:\/\/yoast.com\/product\/yoast-seo-wordpress\/ -->\n<title>Zufrieden oder Geld zur\u00fcck - Maria Simona<\/title>\n<meta name=\"robots\" content=\"index, follow, max-snippet:-1, max-image-preview:large, max-video-preview:-1\" \/>\n<link rel=\"canonical\" href=\"https:\/\/mariasimona.com\/de\/zufrieden-oder-geld-zurueck\/\" \/>\n<meta property=\"og:locale\" content=\"de_DE\" \/>\n<meta property=\"og:type\" content=\"article\" \/>\n<meta property=\"og:title\" content=\"Zufrieden oder Geld zur\u00fcck - Maria Simona\" \/>\n<meta property=\"og:description\" content=\"Zufrieden oder Geld zur\u00fcck Qualit\u00e4tsgarantie Alle unsere Produkte sind IGP-zertifiziert und werden nach strengen Qualit\u00e4tsstandards hergestellt. Einfache R\u00fcckerstattung Kostenlose R\u00fccksendung innerhalb von 14 Tagen, wenn Sie mit Ihrem Kauf nicht zufrieden sind. Kundenzufriedenheit 98 % unserer Kunden empfehlen unsere Produkte ihren Freunden und Familie. Reaktionsschneller Support Unser Team steht Ihnen zur Verf\u00fcgung, um alle Ihre [&hellip;]\" \/>\n<meta property=\"og:url\" content=\"https:\/\/mariasimona.com\/de\/zufrieden-oder-geld-zurueck\/\" \/>\n<meta property=\"og:site_name\" content=\"Maria Simona\" \/>\n<meta property=\"article:modified_time\" content=\"2026-01-30T15:35:33+00:00\" \/>\n<meta name=\"twitter:card\" content=\"summary_large_image\" \/>\n<meta name=\"twitter:label1\" content=\"Gesch\u00e4tzte Lesezeit\" \/>\n\t<meta name=\"twitter:data1\" content=\"1\u00a0Minute\" \/>\n<script type=\"application\/ld+json\" class=\"yoast-schema-graph\">{\"@context\":\"https:\\\/\\\/schema.org\",\"@graph\":[{\"@type\":\"WebPage\",\"@id\":\"https:\\\/\\\/mariasimona.com\\\/de\\\/zufrieden-oder-geld-zurueck\\\/\",\"url\":\"https:\\\/\\\/mariasimona.com\\\/de\\\/zufrieden-oder-geld-zurueck\\\/\",\"name\":\"Zufrieden oder Geld zur\u00fcck - Maria Simona\",\"isPartOf\":{\"@id\":\"https:\\\/\\\/mariasimona.com\\\/de\\\/#website\"},\"datePublished\":\"2026-01-21T20:08:57+00:00\",\"dateModified\":\"2026-01-30T15:35:33+00:00\",\"breadcrumb\":{\"@id\":\"https:\\\/\\\/mariasimona.com\\\/de\\\/zufrieden-oder-geld-zurueck\\\/#breadcrumb\"},\"inLanguage\":\"de\",\"potentialAction\":[{\"@type\":\"ReadAction\",\"target\":[\"https:\\\/\\\/mariasimona.com\\\/de\\\/zufrieden-oder-geld-zurueck\\\/\"]}]},{\"@type\":\"BreadcrumbList\",\"@id\":\"https:\\\/\\\/mariasimona.com\\\/de\\\/zufrieden-oder-geld-zurueck\\\/#breadcrumb\",\"itemListElement\":[{\"@type\":\"ListItem\",\"position\":1,\"name\":\"Startseite\",\"item\":\"https:\\\/\\\/mariasimona.com\\\/de\\\/startseite\\\/\"},{\"@type\":\"ListItem\",\"position\":2,\"name\":\"Zufrieden oder Geld zur\u00fcck\"}]},{\"@type\":\"WebSite\",\"@id\":\"https:\\\/\\\/mariasimona.com\\\/de\\\/#website\",\"url\":\"https:\\\/\\\/mariasimona.com\\\/de\\\/\",\"name\":\"Maria Simona\",\"description\":\"Maria Simona\",\"publisher\":{\"@id\":\"https:\\\/\\\/mariasimona.com\\\/de\\\/#organization\"},\"potentialAction\":[{\"@type\":\"SearchAction\",\"target\":{\"@type\":\"EntryPoint\",\"urlTemplate\":\"https:\\\/\\\/mariasimona.com\\\/de\\\/?s={search_term_string}\"},\"query-input\":{\"@type\":\"PropertyValueSpecification\",\"valueRequired\":true,\"valueName\":\"search_term_string\"}}],\"inLanguage\":\"de\"},{\"@type\":\"Organization\",\"@id\":\"https:\\\/\\\/mariasimona.com\\\/de\\\/#organization\",\"name\":\"Maria Simona\",\"url\":\"https:\\\/\\\/mariasimona.com\\\/de\\\/\",\"logo\":{\"@type\":\"ImageObject\",\"inLanguage\":\"de\",\"@id\":\"https:\\\/\\\/mariasimona.com\\\/de\\\/#\\\/schema\\\/logo\\\/image\\\/\",\"url\":\"https:\\\/\\\/mariasimona.com\\\/wp-content\\\/uploads\\\/2026\\\/01\\\/cropped-cropped-cropped-Logo-Maria-Simona.png\",\"contentUrl\":\"https:\\\/\\\/mariasimona.com\\\/wp-content\\\/uploads\\\/2026\\\/01\\\/cropped-cropped-cropped-Logo-Maria-Simona.png\",\"width\":718,\"height\":529,\"caption\":\"Maria Simona\"},\"image\":{\"@id\":\"https:\\\/\\\/mariasimona.com\\\/de\\\/#\\\/schema\\\/logo\\\/image\\\/\"}}]}<\/script>\n<!-- \/ Yoast SEO plugin. -->","yoast_head_json":{"title":"Zufrieden oder Geld zur\u00fcck - Maria Simona","robots":{"index":"index","follow":"follow","max-snippet":"max-snippet:-1","max-image-preview":"max-image-preview:large","max-video-preview":"max-video-preview:-1"},"canonical":"https:\/\/mariasimona.com\/de\/zufrieden-oder-geld-zurueck\/","og_locale":"de_DE","og_type":"article","og_title":"Zufrieden oder Geld zur\u00fcck - Maria Simona","og_description":"Zufrieden oder Geld zur\u00fcck Qualit\u00e4tsgarantie Alle unsere Produkte sind IGP-zertifiziert und werden nach strengen Qualit\u00e4tsstandards hergestellt. Einfache R\u00fcckerstattung Kostenlose R\u00fccksendung innerhalb von 14 Tagen, wenn Sie mit Ihrem Kauf nicht zufrieden sind. Kundenzufriedenheit 98 % unserer Kunden empfehlen unsere Produkte ihren Freunden und Familie. Reaktionsschneller Support Unser Team steht Ihnen zur Verf\u00fcgung, um alle Ihre [&hellip;]","og_url":"https:\/\/mariasimona.com\/de\/zufrieden-oder-geld-zurueck\/","og_site_name":"Maria Simona","article_modified_time":"2026-01-30T15:35:33+00:00","twitter_card":"summary_large_image","twitter_misc":{"Gesch\u00e4tzte Lesezeit":"1\u00a0Minute"},"schema":{"@context":"https:\/\/schema.org","@graph":[{"@type":"WebPage","@id":"https:\/\/mariasimona.com\/de\/zufrieden-oder-geld-zurueck\/","url":"https:\/\/mariasimona.com\/de\/zufrieden-oder-geld-zurueck\/","name":"Zufrieden oder Geld zur\u00fcck - Maria Simona","isPartOf":{"@id":"https:\/\/mariasimona.com\/de\/#website"},"datePublished":"2026-01-21T20:08:57+00:00","dateModified":"2026-01-30T15:35:33+00:00","breadcrumb":{"@id":"https:\/\/mariasimona.com\/de\/zufrieden-oder-geld-zurueck\/#breadcrumb"},"inLanguage":"de","potentialAction":[{"@type":"ReadAction","target":["https:\/\/mariasimona.com\/de\/zufrieden-oder-geld-zurueck\/"]}]},{"@type":"BreadcrumbList","@id":"https:\/\/mariasimona.com\/de\/zufrieden-oder-geld-zurueck\/#breadcrumb","itemListElement":[{"@type":"ListItem","position":1,"name":"Startseite","item":"https:\/\/mariasimona.com\/de\/startseite\/"},{"@type":"ListItem","position":2,"name":"Zufrieden oder Geld zur\u00fcck"}]},{"@type":"WebSite","@id":"https:\/\/mariasimona.com\/de\/#website","url":"https:\/\/mariasimona.com\/de\/","name":"Maria Simona","description":"Maria Simona","publisher":{"@id":"https:\/\/mariasimona.com\/de\/#organization"},"potentialAction":[{"@type":"SearchAction","target":{"@type":"EntryPoint","urlTemplate":"https:\/\/mariasimona.com\/de\/?s={search_term_string}"},"query-input":{"@type":"PropertyValueSpecification","valueRequired":true,"valueName":"search_term_string"}}],"inLanguage":"de"},{"@type":"Organization","@id":"https:\/\/mariasimona.com\/de\/#organization","name":"Maria Simona","url":"https:\/\/mariasimona.com\/de\/","logo":{"@type":"ImageObject","inLanguage":"de","@id":"https:\/\/mariasimona.com\/de\/#\/schema\/logo\/image\/","url":"https:\/\/mariasimona.com\/wp-content\/uploads\/2026\/01\/cropped-cropped-cropped-Logo-Maria-Simona.png","contentUrl":"https:\/\/mariasimona.com\/wp-content\/uploads\/2026\/01\/cropped-cropped-cropped-Logo-Maria-Simona.png","width":718,"height":529,"caption":"Maria Simona"},"image":{"@id":"https:\/\/mariasimona.com\/de\/#\/schema\/logo\/image\/"}}]}},"_links":{"self":[{"href":"https:\/\/mariasimona.com\/de\/wp-json\/wp\/v2\/pages\/35560","targetHints":{"allow":["GET"]}}],"collection":[{"href":"https:\/\/mariasimona.com\/de\/wp-json\/wp\/v2\/pages"}],"about":[{"href":"https:\/\/mariasimona.com\/de\/wp-json\/wp\/v2\/types\/page"}],"author":[{"embeddable":true,"href":"https:\/\/mariasimona.com\/de\/wp-json\/wp\/v2\/users\/2"}],"replies":[{"embeddable":true,"href":"https:\/\/mariasimona.com\/de\/wp-json\/wp\/v2\/comments?post=35560"}],"version-history":[{"count":1,"href":"https:\/\/mariasimona.com\/de\/wp-json\/wp\/v2\/pages\/35560\/revisions"}],"predecessor-version":[{"id":35561,"href":"https:\/\/mariasimona.com\/de\/wp-json\/wp\/v2\/pages\/35560\/revisions\/35561"}],"wp:attachment":[{"href":"https:\/\/mariasimona.com\/de\/wp-json\/wp\/v2\/media?parent=35560"}],"curies":[{"name":"wp","href":"https:\/\/api.w.org\/{rel}","templated":true}]}}