{"id":35564,"date":"2026-01-21T21:09:06","date_gmt":"2026-01-21T20:09:06","guid":{"rendered":"https:\/\/mariasimona.com\/allgemeine-geschaeftsbedingungen\/"},"modified":"2026-01-30T16:41:37","modified_gmt":"2026-01-30T15:41:37","slug":"allgemeine-geschaeftsbedingungen","status":"publish","type":"page","link":"https:\/\/mariasimona.com\/de\/allgemeine-geschaeftsbedingungen\/","title":{"rendered":"Allgemeine Gesch\u00e4ftsbedingungen"},"content":{"rendered":"\t\t<div data-elementor-type=\"wp-page\" data-elementor-id=\"35564\" class=\"elementor elementor-35564 elementor-782\" data-elementor-post-type=\"page\">\n\t\t\t\t<div class=\"elementor-element elementor-element-9d43bc9 e-flex e-con-boxed e-con e-parent\" data-id=\"9d43bc9\" data-element_type=\"container\" data-e-type=\"container\" data-settings=\"{&quot;background_background&quot;:&quot;classic&quot;}\">\n\t\t\t\t\t<div class=\"e-con-inner\">\n\t\t\t\t<div class=\"elementor-element elementor-element-edeb4a0 elementor-widget elementor-widget-heading\" data-id=\"edeb4a0\" data-element_type=\"widget\" data-e-type=\"widget\" data-widget_type=\"heading.default\">\n\t\t\t\t\t<h1 class=\"elementor-heading-title elementor-size-default\">Allgemeine Gesch\u00e4ftsbedingungen<\/h1>\t\t\t\t<\/div>\n\t\t\t\t\t<\/div>\n\t\t\t\t<\/div>\n\t\t<div class=\"elementor-element elementor-element-a17fe9c e-flex e-con-boxed e-con e-parent\" data-id=\"a17fe9c\" data-element_type=\"container\" data-e-type=\"container\" data-settings=\"{&quot;background_background&quot;:&quot;classic&quot;}\">\n\t\t\t\t\t<div class=\"e-con-inner\">\n\t\t\t\t<div class=\"elementor-element elementor-element-3bb4a14 elementor-widget elementor-widget-heading\" data-id=\"3bb4a14\" data-element_type=\"widget\" data-e-type=\"widget\" data-widget_type=\"heading.default\">\n\t\t\t\t\t<h2 class=\"elementor-heading-title elementor-size-default\">Artikel 1 \u2013 Gegenstand<\/h2>\t\t\t\t<\/div>\n\t\t\t\t<div class=\"elementor-element elementor-element-663e66b elementor-widget elementor-widget-text-editor\" data-id=\"663e66b\" data-element_type=\"widget\" data-e-type=\"widget\" data-widget_type=\"text-editor.default\">\n\t\t\t\t\t\t\t\t\t<p>Diese Allgemeinen Gesch\u00e4ftsbedingungen regeln die Vertragsbeziehungen zwischen Maria Simona und ihren Kunden im Rahmen des Verkaufs von Turrons und spanischen Feinkostprodukten.<\/p>\t\t\t\t\t\t\t\t<\/div>\n\t\t\t\t<div class=\"elementor-element elementor-element-55c3827 elementor-widget elementor-widget-heading\" data-id=\"55c3827\" data-element_type=\"widget\" data-e-type=\"widget\" data-widget_type=\"heading.default\">\n\t\t\t\t\t<h2 class=\"elementor-heading-title elementor-size-default\">Artikel 2 \u2013 Preise<\/h2>\t\t\t\t<\/div>\n\t\t\t\t<div class=\"elementor-element elementor-element-98c4719 elementor-widget elementor-widget-text-editor\" data-id=\"98c4719\" data-element_type=\"widget\" data-e-type=\"widget\" data-widget_type=\"text-editor.default\">\n\t\t\t\t\t\t\t\t\t<p>Die Preise unserer Produkte sind in Euro inklusive aller Steuern (brutto) angegeben. Maria Simona beh\u00e4lt sich das Recht vor, ihre Preise jederzeit zu \u00e4ndern, wobei jedoch der am Tag der Bestellung auf der Website angezeigte Preis f\u00fcr den K\u00e4ufer allein ma\u00dfgeblich ist. <\/p>\t\t\t\t\t\t\t\t<\/div>\n\t\t\t\t<div class=\"elementor-element elementor-element-1801757 elementor-widget elementor-widget-heading\" data-id=\"1801757\" data-element_type=\"widget\" data-e-type=\"widget\" data-widget_type=\"heading.default\">\n\t\t\t\t\t<h2 class=\"elementor-heading-title elementor-size-default\">Artikel 3 \u2013 Bestellung<\/h2>\t\t\t\t<\/div>\n\t\t\t\t<div class=\"elementor-element elementor-element-fff2c81 elementor-widget elementor-widget-text-editor\" data-id=\"fff2c81\" data-element_type=\"widget\" data-e-type=\"widget\" data-widget_type=\"text-editor.default\">\n\t\t\t\t\t\t\t\t\t<p>Jede auf der Website mariasimona.com get\u00e4tigte Bestellung stellt den Abschluss eines Fernabsatzvertrages zwischen dem Kunden und Maria Simona dar. Die Best\u00e4tigung der Bestellung impliziert die Annahme dieser Allgemeinen Gesch\u00e4ftsbedingungen. <\/p>\t\t\t\t\t\t\t\t<\/div>\n\t\t\t\t<div class=\"elementor-element elementor-element-f698ca8 elementor-widget elementor-widget-heading\" data-id=\"f698ca8\" data-element_type=\"widget\" data-e-type=\"widget\" data-widget_type=\"heading.default\">\n\t\t\t\t\t<h2 class=\"elementor-heading-title elementor-size-default\">Artikel 4 \u2013 Zahlung<\/h2>\t\t\t\t<\/div>\n\t\t\t\t<div class=\"elementor-element elementor-element-acd4c8b elementor-widget elementor-widget-text-editor\" data-id=\"acd4c8b\" data-element_type=\"widget\" data-e-type=\"widget\" data-widget_type=\"text-editor.default\">\n\t\t\t\t\t\t\t\t\t<p>Die Zahlung erfolgt per Kreditkarte \u00fcber unsere sichere Plattform. Alle Transaktionen sind verschl\u00fcsselt und gesichert. Wir akzeptieren Visa, Mastercard und American Express.  <\/p>\t\t\t\t\t\t\t\t<\/div>\n\t\t\t\t<div class=\"elementor-element elementor-element-001a224 elementor-widget elementor-widget-heading\" data-id=\"001a224\" data-element_type=\"widget\" data-e-type=\"widget\" data-widget_type=\"heading.default\">\n\t\t\t\t\t<h2 class=\"elementor-heading-title elementor-size-default\">Artikel 5 \u2013 Lieferung<\/h2>\t\t\t\t<\/div>\n\t\t\t\t<div class=\"elementor-element elementor-element-092507e elementor-widget elementor-widget-text-editor\" data-id=\"092507e\" data-element_type=\"widget\" data-e-type=\"widget\" data-widget_type=\"text-editor.default\">\n\t\t\t\t\t\t\t\t\t<p>Die Produkte werden an die vom Kunden bei seiner Bestellung angegebene Adresse geliefert. Die Lieferzeiten sind Richtwerte. Im Falle einer Lieferverz\u00f6gerung kann der Kunde unseren Kundenservice kontaktieren.  <\/p>\t\t\t\t\t\t\t\t<\/div>\n\t\t\t\t<div class=\"elementor-element elementor-element-b53fb0a elementor-widget elementor-widget-heading\" data-id=\"b53fb0a\" data-element_type=\"widget\" data-e-type=\"widget\" data-widget_type=\"heading.default\">\n\t\t\t\t\t<h2 class=\"elementor-heading-title elementor-size-default\">Artikel 6 \u2013 Widerrufsrecht<\/h2>\t\t\t\t<\/div>\n\t\t\t\t<div class=\"elementor-element elementor-element-e18f931 elementor-widget elementor-widget-text-editor\" data-id=\"e18f931\" data-element_type=\"widget\" data-e-type=\"widget\" data-widget_type=\"text-editor.default\">\n\t\t\t\t\t\t\t\t\t<p>Gem\u00e4\u00df der geltenden Gesetzgebung steht dem Kunden eine Frist von 14 Tagen ab Erhalt seiner Bestellung zu, um sein Widerrufsrecht auszu\u00fcben, ohne Angabe von Gr\u00fcnden und ohne Zahlung von Vertragsstrafen.<\/p>\t\t\t\t\t\t\t\t<\/div>\n\t\t\t\t<div class=\"elementor-element elementor-element-b6d5b5f elementor-widget elementor-widget-heading\" data-id=\"b6d5b5f\" data-element_type=\"widget\" data-e-type=\"widget\" data-widget_type=\"heading.default\">\n\t\t\t\t\t<h2 class=\"elementor-heading-title elementor-size-default\">Artikel 7 \u2013 Datenschutz<\/h2>\t\t\t\t<\/div>\n\t\t\t\t<div class=\"elementor-element elementor-element-c565068 elementor-widget elementor-widget-text-editor\" data-id=\"c565068\" data-element_type=\"widget\" data-e-type=\"widget\" data-widget_type=\"text-editor.default\">\n\t\t\t\t\t\t\t\t\t<p>Maria Simona verpflichtet sich, Ihre pers\u00f6nlichen Daten gem\u00e4\u00df der DSGVO zu sch\u00fctzen. Ihre Informationen werden niemals ohne Ihre ausdr\u00fcckliche Zustimmung an Dritte verkauft oder weitergegeben. <\/p>\t\t\t\t\t\t\t\t<\/div>\n\t\t<div class=\"elementor-element elementor-element-080f798 e-con-full e-flex e-con e-child\" data-id=\"080f798\" data-element_type=\"container\" data-e-type=\"container\" data-settings=\"{&quot;background_background&quot;:&quot;classic&quot;}\">\n\t\t\t\t<div class=\"elementor-element elementor-element-6d6ab6a elementor-widget elementor-widget-heading\" data-id=\"6d6ab6a\" data-element_type=\"widget\" data-e-type=\"widget\" data-widget_type=\"heading.default\">\n\t\t\t\t\t<span class=\"elementor-heading-title elementor-size-default\">Kontakt<\/span>\t\t\t\t<\/div>\n\t\t\t\t<div class=\"elementor-element elementor-element-01f7e28 elementor-widget elementor-widget-text-editor\" data-id=\"01f7e28\" data-element_type=\"widget\" data-e-type=\"widget\" data-widget_type=\"text-editor.default\">\n\t\t\t\t\t\t\t\t\t<p>Bei Fragen zu diesen Allgemeinen Gesch\u00e4ftsbedingungen kontaktieren Sie uns bitte:<br>E-Mail: <a class=\"text-primary hover:underline\" href=\"mailto:contacto@mariasimona.com\">contacto@mariasimona.com<\/a><br>Telefon: +33 5 40 07 07 65<br>Adresse: 14 rue Burugoria, 64700 Hendaye, Frankreich<br>Siret Bayonne: 482415015<\/p>\t\t\t\t\t\t\t\t<\/div>\n\t\t\t\t<\/div>\n\t\t\t\t\t<\/div>\n\t\t\t\t<\/div>\n\t\t\t\t<\/div>\n\t\t","protected":false},"excerpt":{"rendered":"<p>Allgemeine Gesch\u00e4ftsbedingungen Artikel 1 \u2013 Gegenstand Diese Allgemeinen Gesch\u00e4ftsbedingungen regeln die Vertragsbeziehungen zwischen Maria Simona und ihren Kunden im Rahmen des Verkaufs von Turrons und spanischen Feinkostprodukten. Artikel 2 \u2013 Preise Die Preise unserer Produkte sind in Euro inklusive aller Steuern (brutto) angegeben. Maria Simona beh\u00e4lt sich das Recht vor, ihre Preise jederzeit zu \u00e4ndern, [&hellip;]<\/p>\n","protected":false},"author":2,"featured_media":0,"parent":0,"menu_order":0,"comment_status":"closed","ping_status":"closed","template":"","meta":{"footnotes":""},"class_list":["post-35564","page","type-page","status-publish","hentry"],"yoast_head":"<!-- This site is optimized with the Yoast SEO plugin v27.5 - https:\/\/yoast.com\/product\/yoast-seo-wordpress\/ -->\n<title>Allgemeine Gesch\u00e4ftsbedingungen - Maria Simona<\/title>\n<meta name=\"robots\" content=\"index, follow, max-snippet:-1, max-image-preview:large, max-video-preview:-1\" \/>\n<link rel=\"canonical\" href=\"https:\/\/mariasimona.com\/de\/allgemeine-geschaeftsbedingungen\/\" \/>\n<meta property=\"og:locale\" content=\"de_DE\" \/>\n<meta property=\"og:type\" content=\"article\" \/>\n<meta property=\"og:title\" content=\"Allgemeine Gesch\u00e4ftsbedingungen - Maria Simona\" \/>\n<meta property=\"og:description\" content=\"Allgemeine Gesch\u00e4ftsbedingungen Artikel 1 \u2013 Gegenstand Diese Allgemeinen Gesch\u00e4ftsbedingungen regeln die Vertragsbeziehungen zwischen Maria Simona und ihren Kunden im Rahmen des Verkaufs von Turrons und spanischen Feinkostprodukten. Artikel 2 \u2013 Preise Die Preise unserer Produkte sind in Euro inklusive aller Steuern (brutto) angegeben. Maria Simona beh\u00e4lt sich das Recht vor, ihre Preise jederzeit zu \u00e4ndern, [&hellip;]\" \/>\n<meta property=\"og:url\" content=\"https:\/\/mariasimona.com\/de\/allgemeine-geschaeftsbedingungen\/\" \/>\n<meta property=\"og:site_name\" content=\"Maria Simona\" \/>\n<meta property=\"article:modified_time\" content=\"2026-01-30T15:41:37+00:00\" \/>\n<meta name=\"twitter:card\" content=\"summary_large_image\" \/>\n<meta name=\"twitter:label1\" content=\"Gesch\u00e4tzte Lesezeit\" \/>\n\t<meta name=\"twitter:data1\" content=\"1\u00a0Minute\" \/>\n<script type=\"application\/ld+json\" class=\"yoast-schema-graph\">{\"@context\":\"https:\\\/\\\/schema.org\",\"@graph\":[{\"@type\":\"WebPage\",\"@id\":\"https:\\\/\\\/mariasimona.com\\\/de\\\/allgemeine-geschaeftsbedingungen\\\/\",\"url\":\"https:\\\/\\\/mariasimona.com\\\/de\\\/allgemeine-geschaeftsbedingungen\\\/\",\"name\":\"Allgemeine Gesch\u00e4ftsbedingungen - Maria Simona\",\"isPartOf\":{\"@id\":\"https:\\\/\\\/mariasimona.com\\\/de\\\/#website\"},\"datePublished\":\"2026-01-21T20:09:06+00:00\",\"dateModified\":\"2026-01-30T15:41:37+00:00\",\"breadcrumb\":{\"@id\":\"https:\\\/\\\/mariasimona.com\\\/de\\\/allgemeine-geschaeftsbedingungen\\\/#breadcrumb\"},\"inLanguage\":\"de\",\"potentialAction\":[{\"@type\":\"ReadAction\",\"target\":[\"https:\\\/\\\/mariasimona.com\\\/de\\\/allgemeine-geschaeftsbedingungen\\\/\"]}]},{\"@type\":\"BreadcrumbList\",\"@id\":\"https:\\\/\\\/mariasimona.com\\\/de\\\/allgemeine-geschaeftsbedingungen\\\/#breadcrumb\",\"itemListElement\":[{\"@type\":\"ListItem\",\"position\":1,\"name\":\"Startseite\",\"item\":\"https:\\\/\\\/mariasimona.com\\\/de\\\/startseite\\\/\"},{\"@type\":\"ListItem\",\"position\":2,\"name\":\"Allgemeine Gesch\u00e4ftsbedingungen\"}]},{\"@type\":\"WebSite\",\"@id\":\"https:\\\/\\\/mariasimona.com\\\/de\\\/#website\",\"url\":\"https:\\\/\\\/mariasimona.com\\\/de\\\/\",\"name\":\"Maria Simona\",\"description\":\"Maria Simona\",\"publisher\":{\"@id\":\"https:\\\/\\\/mariasimona.com\\\/de\\\/#organization\"},\"potentialAction\":[{\"@type\":\"SearchAction\",\"target\":{\"@type\":\"EntryPoint\",\"urlTemplate\":\"https:\\\/\\\/mariasimona.com\\\/de\\\/?s={search_term_string}\"},\"query-input\":{\"@type\":\"PropertyValueSpecification\",\"valueRequired\":true,\"valueName\":\"search_term_string\"}}],\"inLanguage\":\"de\"},{\"@type\":\"Organization\",\"@id\":\"https:\\\/\\\/mariasimona.com\\\/de\\\/#organization\",\"name\":\"Maria Simona\",\"url\":\"https:\\\/\\\/mariasimona.com\\\/de\\\/\",\"logo\":{\"@type\":\"ImageObject\",\"inLanguage\":\"de\",\"@id\":\"https:\\\/\\\/mariasimona.com\\\/de\\\/#\\\/schema\\\/logo\\\/image\\\/\",\"url\":\"https:\\\/\\\/mariasimona.com\\\/wp-content\\\/uploads\\\/2026\\\/01\\\/cropped-cropped-cropped-Logo-Maria-Simona.png\",\"contentUrl\":\"https:\\\/\\\/mariasimona.com\\\/wp-content\\\/uploads\\\/2026\\\/01\\\/cropped-cropped-cropped-Logo-Maria-Simona.png\",\"width\":718,\"height\":529,\"caption\":\"Maria Simona\"},\"image\":{\"@id\":\"https:\\\/\\\/mariasimona.com\\\/de\\\/#\\\/schema\\\/logo\\\/image\\\/\"}}]}<\/script>\n<!-- \/ Yoast SEO plugin. -->","yoast_head_json":{"title":"Allgemeine Gesch\u00e4ftsbedingungen - Maria Simona","robots":{"index":"index","follow":"follow","max-snippet":"max-snippet:-1","max-image-preview":"max-image-preview:large","max-video-preview":"max-video-preview:-1"},"canonical":"https:\/\/mariasimona.com\/de\/allgemeine-geschaeftsbedingungen\/","og_locale":"de_DE","og_type":"article","og_title":"Allgemeine Gesch\u00e4ftsbedingungen - Maria Simona","og_description":"Allgemeine Gesch\u00e4ftsbedingungen Artikel 1 \u2013 Gegenstand Diese Allgemeinen Gesch\u00e4ftsbedingungen regeln die Vertragsbeziehungen zwischen Maria Simona und ihren Kunden im Rahmen des Verkaufs von Turrons und spanischen Feinkostprodukten. Artikel 2 \u2013 Preise Die Preise unserer Produkte sind in Euro inklusive aller Steuern (brutto) angegeben. Maria Simona beh\u00e4lt sich das Recht vor, ihre Preise jederzeit zu \u00e4ndern, [&hellip;]","og_url":"https:\/\/mariasimona.com\/de\/allgemeine-geschaeftsbedingungen\/","og_site_name":"Maria Simona","article_modified_time":"2026-01-30T15:41:37+00:00","twitter_card":"summary_large_image","twitter_misc":{"Gesch\u00e4tzte Lesezeit":"1\u00a0Minute"},"schema":{"@context":"https:\/\/schema.org","@graph":[{"@type":"WebPage","@id":"https:\/\/mariasimona.com\/de\/allgemeine-geschaeftsbedingungen\/","url":"https:\/\/mariasimona.com\/de\/allgemeine-geschaeftsbedingungen\/","name":"Allgemeine Gesch\u00e4ftsbedingungen - Maria Simona","isPartOf":{"@id":"https:\/\/mariasimona.com\/de\/#website"},"datePublished":"2026-01-21T20:09:06+00:00","dateModified":"2026-01-30T15:41:37+00:00","breadcrumb":{"@id":"https:\/\/mariasimona.com\/de\/allgemeine-geschaeftsbedingungen\/#breadcrumb"},"inLanguage":"de","potentialAction":[{"@type":"ReadAction","target":["https:\/\/mariasimona.com\/de\/allgemeine-geschaeftsbedingungen\/"]}]},{"@type":"BreadcrumbList","@id":"https:\/\/mariasimona.com\/de\/allgemeine-geschaeftsbedingungen\/#breadcrumb","itemListElement":[{"@type":"ListItem","position":1,"name":"Startseite","item":"https:\/\/mariasimona.com\/de\/startseite\/"},{"@type":"ListItem","position":2,"name":"Allgemeine Gesch\u00e4ftsbedingungen"}]},{"@type":"WebSite","@id":"https:\/\/mariasimona.com\/de\/#website","url":"https:\/\/mariasimona.com\/de\/","name":"Maria Simona","description":"Maria Simona","publisher":{"@id":"https:\/\/mariasimona.com\/de\/#organization"},"potentialAction":[{"@type":"SearchAction","target":{"@type":"EntryPoint","urlTemplate":"https:\/\/mariasimona.com\/de\/?s={search_term_string}"},"query-input":{"@type":"PropertyValueSpecification","valueRequired":true,"valueName":"search_term_string"}}],"inLanguage":"de"},{"@type":"Organization","@id":"https:\/\/mariasimona.com\/de\/#organization","name":"Maria Simona","url":"https:\/\/mariasimona.com\/de\/","logo":{"@type":"ImageObject","inLanguage":"de","@id":"https:\/\/mariasimona.com\/de\/#\/schema\/logo\/image\/","url":"https:\/\/mariasimona.com\/wp-content\/uploads\/2026\/01\/cropped-cropped-cropped-Logo-Maria-Simona.png","contentUrl":"https:\/\/mariasimona.com\/wp-content\/uploads\/2026\/01\/cropped-cropped-cropped-Logo-Maria-Simona.png","width":718,"height":529,"caption":"Maria Simona"},"image":{"@id":"https:\/\/mariasimona.com\/de\/#\/schema\/logo\/image\/"}}]}},"_links":{"self":[{"href":"https:\/\/mariasimona.com\/de\/wp-json\/wp\/v2\/pages\/35564","targetHints":{"allow":["GET"]}}],"collection":[{"href":"https:\/\/mariasimona.com\/de\/wp-json\/wp\/v2\/pages"}],"about":[{"href":"https:\/\/mariasimona.com\/de\/wp-json\/wp\/v2\/types\/page"}],"author":[{"embeddable":true,"href":"https:\/\/mariasimona.com\/de\/wp-json\/wp\/v2\/users\/2"}],"replies":[{"embeddable":true,"href":"https:\/\/mariasimona.com\/de\/wp-json\/wp\/v2\/comments?post=35564"}],"version-history":[{"count":1,"href":"https:\/\/mariasimona.com\/de\/wp-json\/wp\/v2\/pages\/35564\/revisions"}],"predecessor-version":[{"id":35565,"href":"https:\/\/mariasimona.com\/de\/wp-json\/wp\/v2\/pages\/35564\/revisions\/35565"}],"wp:attachment":[{"href":"https:\/\/mariasimona.com\/de\/wp-json\/wp\/v2\/media?parent=35564"}],"curies":[{"name":"wp","href":"https:\/\/api.w.org\/{rel}","templated":true}]}}