{"id":1877,"date":"2026-01-21T10:25:56","date_gmt":"2026-01-21T09:25:56","guid":{"rendered":"https:\/\/mariasimona.com\/carrito\/"},"modified":"2026-01-29T16:14:07","modified_gmt":"2026-01-29T15:14:07","slug":"carrito","status":"publish","type":"page","link":"https:\/\/mariasimona.com\/es\/carrito\/","title":{"rendered":"Carrito"},"content":{"rendered":"\t\t<div data-elementor-type=\"wp-page\" data-elementor-id=\"1877\" class=\"elementor elementor-1877 elementor-22\" data-elementor-post-type=\"page\">\n\t\t\t\t<div class=\"elementor-element elementor-element-0e17713 e-flex e-con-boxed e-con e-parent\" data-id=\"0e17713\" data-element_type=\"container\" data-e-type=\"container\" data-settings=\"{&quot;background_background&quot;:&quot;classic&quot;}\">\n\t\t\t\t\t<div class=\"e-con-inner\">\n\t\t\t\t<div class=\"elementor-element elementor-element-33af3e1 elementor-widget elementor-widget-heading\" data-id=\"33af3e1\" data-element_type=\"widget\" data-e-type=\"widget\" data-widget_type=\"heading.default\">\n\t\t\t\t\t<h1 class=\"elementor-heading-title elementor-size-default\">Carrito<\/h1>\t\t\t\t<\/div>\n\t\t\t\t\t<\/div>\n\t\t\t\t<\/div>\n\t\t<div class=\"elementor-element elementor-element-5348d26 e-flex e-con-boxed e-con e-parent\" data-id=\"5348d26\" data-element_type=\"container\" data-e-type=\"container\" data-settings=\"{&quot;background_background&quot;:&quot;classic&quot;}\">\n\t\t\t\t\t<div class=\"e-con-inner\">\n\t\t\t\t\t<\/div>\n\t\t\t\t<\/div>\n\t\t\t\t<\/div>\n\t\t","protected":false},"excerpt":{"rendered":"<p>Complete your order and earn 3\u00a0990 Points for a discount on a future purchase Supprimer l\u2019\u00e9l\u00e9ment Miniature Produit Prix Quantit\u00e9 Sous-total &times; Pack Turron Jijona 39,90&nbsp;&euro; quantit\u00e9 de Pack Turron Jijona 39,90&nbsp;&euro; Mettre \u00e0 jour le panier Appliquer le coupon Totaux du panier Sous-total 39,90&nbsp;&euro; Exp\u00e9dition Point relais: 4,99&nbsp;&euro; Classique: 7,99&nbsp;&euro; Express: 19,99&nbsp;&euro; Les options [&hellip;]<\/p>\n","protected":false},"author":2,"featured_media":0,"parent":0,"menu_order":0,"comment_status":"closed","ping_status":"closed","template":"","meta":{"footnotes":""},"class_list":["post-1877","page","type-page","status-publish","hentry"],"yoast_head":"<!-- This site is optimized with the Yoast SEO plugin v27.5 - https:\/\/yoast.com\/product\/yoast-seo-wordpress\/ -->\n<title>Carrito - Maria Simona<\/title>\n<meta name=\"robots\" content=\"index, follow, max-snippet:-1, max-image-preview:large, max-video-preview:-1\" \/>\n<link rel=\"canonical\" href=\"https:\/\/mariasimona.com\/es\/carrito\/\" \/>\n<meta property=\"og:locale\" content=\"es_ES\" \/>\n<meta property=\"og:type\" content=\"article\" \/>\n<meta property=\"og:title\" content=\"Carrito - Maria Simona\" \/>\n<meta property=\"og:description\" content=\"Complete your order and earn 3\u00a0990 Points for a discount on a future purchase Supprimer l\u2019\u00e9l\u00e9ment Miniature Produit Prix Quantit\u00e9 Sous-total &times; Pack Turron Jijona 39,90&nbsp;&euro; quantit\u00e9 de Pack Turron Jijona 39,90&nbsp;&euro; Mettre \u00e0 jour le panier Appliquer le coupon Totaux du panier Sous-total 39,90&nbsp;&euro; Exp\u00e9dition Point relais: 4,99&nbsp;&euro; Classique: 7,99&nbsp;&euro; Express: 19,99&nbsp;&euro; Les options [&hellip;]\" \/>\n<meta property=\"og:url\" content=\"https:\/\/mariasimona.com\/es\/carrito\/\" \/>\n<meta property=\"og:site_name\" content=\"Maria Simona\" \/>\n<meta property=\"article:modified_time\" content=\"2026-01-29T15:14:07+00:00\" \/>\n<meta property=\"og:image\" content=\"https:\/\/mariasimona.com\/wp-content\/uploads\/2026\/01\/Pack-de-6-Jijona-eventail-300x300.webp\" \/>\n<meta name=\"twitter:card\" content=\"summary_large_image\" \/>\n<meta name=\"twitter:label1\" content=\"Tiempo de lectura\" \/>\n\t<meta name=\"twitter:data1\" content=\"1 minuto\" \/>\n<script type=\"application\/ld+json\" class=\"yoast-schema-graph\">{\"@context\":\"https:\\\/\\\/schema.org\",\"@graph\":[{\"@type\":\"WebPage\",\"@id\":\"https:\\\/\\\/mariasimona.com\\\/es\\\/carrito\\\/\",\"url\":\"https:\\\/\\\/mariasimona.com\\\/es\\\/carrito\\\/\",\"name\":\"Carrito - Maria Simona\",\"isPartOf\":{\"@id\":\"https:\\\/\\\/mariasimona.com\\\/es\\\/#website\"},\"primaryImageOfPage\":{\"@id\":\"https:\\\/\\\/mariasimona.com\\\/es\\\/carrito\\\/#primaryimage\"},\"image\":{\"@id\":\"https:\\\/\\\/mariasimona.com\\\/es\\\/carrito\\\/#primaryimage\"},\"thumbnailUrl\":\"https:\\\/\\\/mariasimona.com\\\/wp-content\\\/uploads\\\/2026\\\/01\\\/Pack-de-6-Jijona-eventail-300x300.webp\",\"datePublished\":\"2026-01-21T09:25:56+00:00\",\"dateModified\":\"2026-01-29T15:14:07+00:00\",\"breadcrumb\":{\"@id\":\"https:\\\/\\\/mariasimona.com\\\/es\\\/carrito\\\/#breadcrumb\"},\"inLanguage\":\"es\",\"potentialAction\":[{\"@type\":\"ReadAction\",\"target\":[\"https:\\\/\\\/mariasimona.com\\\/es\\\/carrito\\\/\"]}]},{\"@type\":\"ImageObject\",\"inLanguage\":\"es\",\"@id\":\"https:\\\/\\\/mariasimona.com\\\/es\\\/carrito\\\/#primaryimage\",\"url\":\"https:\\\/\\\/mariasimona.com\\\/wp-content\\\/uploads\\\/2026\\\/01\\\/Pack-de-6-Jijona-eventail-300x300.webp\",\"contentUrl\":\"https:\\\/\\\/mariasimona.com\\\/wp-content\\\/uploads\\\/2026\\\/01\\\/Pack-de-6-Jijona-eventail-300x300.webp\"},{\"@type\":\"BreadcrumbList\",\"@id\":\"https:\\\/\\\/mariasimona.com\\\/es\\\/carrito\\\/#breadcrumb\",\"itemListElement\":[{\"@type\":\"ListItem\",\"position\":1,\"name\":\"Inicio\",\"item\":\"https:\\\/\\\/mariasimona.com\\\/es\\\/inicio\\\/\"},{\"@type\":\"ListItem\",\"position\":2,\"name\":\"Carrito\"}]},{\"@type\":\"WebSite\",\"@id\":\"https:\\\/\\\/mariasimona.com\\\/es\\\/#website\",\"url\":\"https:\\\/\\\/mariasimona.com\\\/es\\\/\",\"name\":\"Maria Simona\",\"description\":\"Maria Simona\",\"publisher\":{\"@id\":\"https:\\\/\\\/mariasimona.com\\\/es\\\/#organization\"},\"potentialAction\":[{\"@type\":\"SearchAction\",\"target\":{\"@type\":\"EntryPoint\",\"urlTemplate\":\"https:\\\/\\\/mariasimona.com\\\/es\\\/?s={search_term_string}\"},\"query-input\":{\"@type\":\"PropertyValueSpecification\",\"valueRequired\":true,\"valueName\":\"search_term_string\"}}],\"inLanguage\":\"es\"},{\"@type\":\"Organization\",\"@id\":\"https:\\\/\\\/mariasimona.com\\\/es\\\/#organization\",\"name\":\"Maria Simona\",\"url\":\"https:\\\/\\\/mariasimona.com\\\/es\\\/\",\"logo\":{\"@type\":\"ImageObject\",\"inLanguage\":\"es\",\"@id\":\"https:\\\/\\\/mariasimona.com\\\/es\\\/#\\\/schema\\\/logo\\\/image\\\/\",\"url\":\"https:\\\/\\\/mariasimona.com\\\/wp-content\\\/uploads\\\/2026\\\/01\\\/cropped-cropped-cropped-Logo-Maria-Simona.png\",\"contentUrl\":\"https:\\\/\\\/mariasimona.com\\\/wp-content\\\/uploads\\\/2026\\\/01\\\/cropped-cropped-cropped-Logo-Maria-Simona.png\",\"width\":718,\"height\":529,\"caption\":\"Maria Simona\"},\"image\":{\"@id\":\"https:\\\/\\\/mariasimona.com\\\/es\\\/#\\\/schema\\\/logo\\\/image\\\/\"}}]}<\/script>\n<!-- \/ Yoast SEO plugin. -->","yoast_head_json":{"title":"Carrito - Maria Simona","robots":{"index":"index","follow":"follow","max-snippet":"max-snippet:-1","max-image-preview":"max-image-preview:large","max-video-preview":"max-video-preview:-1"},"canonical":"https:\/\/mariasimona.com\/es\/carrito\/","og_locale":"es_ES","og_type":"article","og_title":"Carrito - Maria Simona","og_description":"Complete your order and earn 3\u00a0990 Points for a discount on a future purchase Supprimer l\u2019\u00e9l\u00e9ment Miniature Produit Prix Quantit\u00e9 Sous-total &times; Pack Turron Jijona 39,90&nbsp;&euro; quantit\u00e9 de Pack Turron Jijona 39,90&nbsp;&euro; Mettre \u00e0 jour le panier Appliquer le coupon Totaux du panier Sous-total 39,90&nbsp;&euro; Exp\u00e9dition Point relais: 4,99&nbsp;&euro; Classique: 7,99&nbsp;&euro; Express: 19,99&nbsp;&euro; Les options [&hellip;]","og_url":"https:\/\/mariasimona.com\/es\/carrito\/","og_site_name":"Maria Simona","article_modified_time":"2026-01-29T15:14:07+00:00","og_image":[{"url":"https:\/\/mariasimona.com\/wp-content\/uploads\/2026\/01\/Pack-de-6-Jijona-eventail-300x300.webp","type":"","width":"","height":""}],"twitter_card":"summary_large_image","twitter_misc":{"Tiempo de lectura":"1 minuto"},"schema":{"@context":"https:\/\/schema.org","@graph":[{"@type":"WebPage","@id":"https:\/\/mariasimona.com\/es\/carrito\/","url":"https:\/\/mariasimona.com\/es\/carrito\/","name":"Carrito - Maria Simona","isPartOf":{"@id":"https:\/\/mariasimona.com\/es\/#website"},"primaryImageOfPage":{"@id":"https:\/\/mariasimona.com\/es\/carrito\/#primaryimage"},"image":{"@id":"https:\/\/mariasimona.com\/es\/carrito\/#primaryimage"},"thumbnailUrl":"https:\/\/mariasimona.com\/wp-content\/uploads\/2026\/01\/Pack-de-6-Jijona-eventail-300x300.webp","datePublished":"2026-01-21T09:25:56+00:00","dateModified":"2026-01-29T15:14:07+00:00","breadcrumb":{"@id":"https:\/\/mariasimona.com\/es\/carrito\/#breadcrumb"},"inLanguage":"es","potentialAction":[{"@type":"ReadAction","target":["https:\/\/mariasimona.com\/es\/carrito\/"]}]},{"@type":"ImageObject","inLanguage":"es","@id":"https:\/\/mariasimona.com\/es\/carrito\/#primaryimage","url":"https:\/\/mariasimona.com\/wp-content\/uploads\/2026\/01\/Pack-de-6-Jijona-eventail-300x300.webp","contentUrl":"https:\/\/mariasimona.com\/wp-content\/uploads\/2026\/01\/Pack-de-6-Jijona-eventail-300x300.webp"},{"@type":"BreadcrumbList","@id":"https:\/\/mariasimona.com\/es\/carrito\/#breadcrumb","itemListElement":[{"@type":"ListItem","position":1,"name":"Inicio","item":"https:\/\/mariasimona.com\/es\/inicio\/"},{"@type":"ListItem","position":2,"name":"Carrito"}]},{"@type":"WebSite","@id":"https:\/\/mariasimona.com\/es\/#website","url":"https:\/\/mariasimona.com\/es\/","name":"Maria Simona","description":"Maria Simona","publisher":{"@id":"https:\/\/mariasimona.com\/es\/#organization"},"potentialAction":[{"@type":"SearchAction","target":{"@type":"EntryPoint","urlTemplate":"https:\/\/mariasimona.com\/es\/?s={search_term_string}"},"query-input":{"@type":"PropertyValueSpecification","valueRequired":true,"valueName":"search_term_string"}}],"inLanguage":"es"},{"@type":"Organization","@id":"https:\/\/mariasimona.com\/es\/#organization","name":"Maria Simona","url":"https:\/\/mariasimona.com\/es\/","logo":{"@type":"ImageObject","inLanguage":"es","@id":"https:\/\/mariasimona.com\/es\/#\/schema\/logo\/image\/","url":"https:\/\/mariasimona.com\/wp-content\/uploads\/2026\/01\/cropped-cropped-cropped-Logo-Maria-Simona.png","contentUrl":"https:\/\/mariasimona.com\/wp-content\/uploads\/2026\/01\/cropped-cropped-cropped-Logo-Maria-Simona.png","width":718,"height":529,"caption":"Maria Simona"},"image":{"@id":"https:\/\/mariasimona.com\/es\/#\/schema\/logo\/image\/"}}]}},"_links":{"self":[{"href":"https:\/\/mariasimona.com\/es\/wp-json\/wp\/v2\/pages\/1877","targetHints":{"allow":["GET"]}}],"collection":[{"href":"https:\/\/mariasimona.com\/es\/wp-json\/wp\/v2\/pages"}],"about":[{"href":"https:\/\/mariasimona.com\/es\/wp-json\/wp\/v2\/types\/page"}],"author":[{"embeddable":true,"href":"https:\/\/mariasimona.com\/es\/wp-json\/wp\/v2\/users\/2"}],"replies":[{"embeddable":true,"href":"https:\/\/mariasimona.com\/es\/wp-json\/wp\/v2\/comments?post=1877"}],"version-history":[{"count":0,"href":"https:\/\/mariasimona.com\/es\/wp-json\/wp\/v2\/pages\/1877\/revisions"}],"wp:attachment":[{"href":"https:\/\/mariasimona.com\/es\/wp-json\/wp\/v2\/media?parent=1877"}],"curies":[{"name":"wp","href":"https:\/\/api.w.org\/{rel}","templated":true}]}}