{"id":1879,"date":"2026-01-21T10:25:56","date_gmt":"2026-01-21T09:25:56","guid":{"rendered":"https:\/\/mariasimona.com\/mi-cuenta\/"},"modified":"2026-01-29T16:14:07","modified_gmt":"2026-01-29T15:14:07","slug":"mi-cuenta","status":"publish","type":"page","link":"https:\/\/mariasimona.com\/es\/mi-cuenta\/","title":{"rendered":"Mi cuenta"},"content":{"rendered":"\t\t<div data-elementor-type=\"wp-page\" data-elementor-id=\"1879\" class=\"elementor elementor-1879 elementor-24\" data-elementor-post-type=\"page\">\n\t\t\t\t<div class=\"elementor-element elementor-element-6f8c488 e-flex e-con-boxed e-con e-parent\" data-id=\"6f8c488\" data-element_type=\"container\" data-e-type=\"container\" data-settings=\"{&quot;background_background&quot;:&quot;classic&quot;}\">\n\t\t\t\t\t<div class=\"e-con-inner\">\n\t\t\t\t<div class=\"elementor-element elementor-element-27f910b elementor-widget elementor-widget-heading\" data-id=\"27f910b\" data-element_type=\"widget\" data-e-type=\"widget\" data-widget_type=\"heading.default\">\n\t\t\t\t\t<h1 class=\"elementor-heading-title elementor-size-default\">Mi cuenta<\/h1>\t\t\t\t<\/div>\n\t\t\t\t\t<\/div>\n\t\t\t\t<\/div>\n\t\t<div class=\"elementor-element elementor-element-5501db1 e-flex e-con-boxed e-con e-parent\" data-id=\"5501db1\" data-element_type=\"container\" data-e-type=\"container\" data-settings=\"{&quot;background_background&quot;:&quot;classic&quot;}\">\n\t\t\t\t\t<div class=\"e-con-inner\">\n\t\t\t\t<div class=\"elementor-element elementor-element-b421766 e-my-account-tabs-vertical elementor-widget elementor-widget-woocommerce-my-account\" data-id=\"b421766\" data-element_type=\"widget\" data-e-type=\"widget\" data-widget_type=\"woocommerce-my-account.default\">\n\t\t\t\t\t<div class=\"e-my-account-tab e-my-account-tab__ \">\t\t\t<div class=\"woocommerce\"><\/div>\t\t<\/div>\r\n\t\t\t\t\t\t<\/div>\n\t\t\t\t\t<\/div>\n\t\t\t\t<\/div>\n\t\t\t\t<\/div>\n\t\t","protected":false},"excerpt":{"rendered":"<p>Tableau de bord Commandes T\u00e9l\u00e9chargements Adresses D\u00e9tails du compte Points D\u00e9connexion Bonjour jeamis (vous n\u2019\u00eates pas jeamis\u00a0? D\u00e9connexion) \u00c0 partir du tableau de bord de votre compte, vous pouvez visualiser vos commandes r\u00e9centes, g\u00e9rer vos adresses de livraison et de facturation ainsi que changer votre mot de passe et les d\u00e9tails de votre compte.<\/p>\n","protected":false},"author":2,"featured_media":0,"parent":0,"menu_order":0,"comment_status":"closed","ping_status":"closed","template":"","meta":{"footnotes":""},"class_list":["post-1879","page","type-page","status-publish","hentry"],"yoast_head":"<!-- This site is optimized with the Yoast SEO plugin v27.4 - https:\/\/yoast.com\/product\/yoast-seo-wordpress\/ -->\n<title>Mi cuenta - Maria Simona<\/title>\n<meta name=\"robots\" content=\"index, follow, max-snippet:-1, max-image-preview:large, max-video-preview:-1\" \/>\n<link rel=\"canonical\" href=\"https:\/\/mariasimona.com\/es\/mi-cuenta\/\" \/>\n<meta property=\"og:locale\" content=\"es_ES\" \/>\n<meta property=\"og:type\" content=\"article\" \/>\n<meta property=\"og:title\" content=\"Mi cuenta - Maria Simona\" \/>\n<meta property=\"og:description\" content=\"Tableau de bord Commandes T\u00e9l\u00e9chargements Adresses D\u00e9tails du compte Points D\u00e9connexion Bonjour jeamis (vous n\u2019\u00eates pas jeamis\u00a0? D\u00e9connexion) \u00c0 partir du tableau de bord de votre compte, vous pouvez visualiser vos commandes r\u00e9centes, g\u00e9rer vos adresses de livraison et de facturation ainsi que changer votre mot de passe et les d\u00e9tails de votre compte.\" \/>\n<meta property=\"og:url\" content=\"https:\/\/mariasimona.com\/es\/mi-cuenta\/\" \/>\n<meta property=\"og:site_name\" content=\"Maria Simona\" \/>\n<meta property=\"article:modified_time\" content=\"2026-01-29T15:14:07+00:00\" \/>\n<meta name=\"twitter:card\" content=\"summary_large_image\" \/>\n<script type=\"application\/ld+json\" class=\"yoast-schema-graph\">{\"@context\":\"https:\\\/\\\/schema.org\",\"@graph\":[{\"@type\":\"WebPage\",\"@id\":\"https:\\\/\\\/mariasimona.com\\\/es\\\/mi-cuenta\\\/\",\"url\":\"https:\\\/\\\/mariasimona.com\\\/es\\\/mi-cuenta\\\/\",\"name\":\"Mi cuenta - Maria Simona\",\"isPartOf\":{\"@id\":\"https:\\\/\\\/mariasimona.com\\\/es\\\/#website\"},\"datePublished\":\"2026-01-21T09:25:56+00:00\",\"dateModified\":\"2026-01-29T15:14:07+00:00\",\"breadcrumb\":{\"@id\":\"https:\\\/\\\/mariasimona.com\\\/es\\\/mi-cuenta\\\/#breadcrumb\"},\"inLanguage\":\"es\",\"potentialAction\":[{\"@type\":\"ReadAction\",\"target\":[\"https:\\\/\\\/mariasimona.com\\\/es\\\/mi-cuenta\\\/\"]}]},{\"@type\":\"BreadcrumbList\",\"@id\":\"https:\\\/\\\/mariasimona.com\\\/es\\\/mi-cuenta\\\/#breadcrumb\",\"itemListElement\":[{\"@type\":\"ListItem\",\"position\":1,\"name\":\"Inicio\",\"item\":\"https:\\\/\\\/mariasimona.com\\\/es\\\/inicio\\\/\"},{\"@type\":\"ListItem\",\"position\":2,\"name\":\"Mi cuenta\"}]},{\"@type\":\"WebSite\",\"@id\":\"https:\\\/\\\/mariasimona.com\\\/es\\\/#website\",\"url\":\"https:\\\/\\\/mariasimona.com\\\/es\\\/\",\"name\":\"Maria Simona\",\"description\":\"Maria Simona\",\"publisher\":{\"@id\":\"https:\\\/\\\/mariasimona.com\\\/es\\\/#organization\"},\"potentialAction\":[{\"@type\":\"SearchAction\",\"target\":{\"@type\":\"EntryPoint\",\"urlTemplate\":\"https:\\\/\\\/mariasimona.com\\\/es\\\/?s={search_term_string}\"},\"query-input\":{\"@type\":\"PropertyValueSpecification\",\"valueRequired\":true,\"valueName\":\"search_term_string\"}}],\"inLanguage\":\"es\"},{\"@type\":\"Organization\",\"@id\":\"https:\\\/\\\/mariasimona.com\\\/es\\\/#organization\",\"name\":\"Maria Simona\",\"url\":\"https:\\\/\\\/mariasimona.com\\\/es\\\/\",\"logo\":{\"@type\":\"ImageObject\",\"inLanguage\":\"es\",\"@id\":\"https:\\\/\\\/mariasimona.com\\\/es\\\/#\\\/schema\\\/logo\\\/image\\\/\",\"url\":\"https:\\\/\\\/mariasimona.com\\\/wp-content\\\/uploads\\\/2026\\\/01\\\/cropped-cropped-cropped-Logo-Maria-Simona.png\",\"contentUrl\":\"https:\\\/\\\/mariasimona.com\\\/wp-content\\\/uploads\\\/2026\\\/01\\\/cropped-cropped-cropped-Logo-Maria-Simona.png\",\"width\":718,\"height\":529,\"caption\":\"Maria Simona\"},\"image\":{\"@id\":\"https:\\\/\\\/mariasimona.com\\\/es\\\/#\\\/schema\\\/logo\\\/image\\\/\"}}]}<\/script>\n<!-- \/ Yoast SEO plugin. -->","yoast_head_json":{"title":"Mi cuenta - Maria Simona","robots":{"index":"index","follow":"follow","max-snippet":"max-snippet:-1","max-image-preview":"max-image-preview:large","max-video-preview":"max-video-preview:-1"},"canonical":"https:\/\/mariasimona.com\/es\/mi-cuenta\/","og_locale":"es_ES","og_type":"article","og_title":"Mi cuenta - Maria Simona","og_description":"Tableau de bord Commandes T\u00e9l\u00e9chargements Adresses D\u00e9tails du compte Points D\u00e9connexion Bonjour jeamis (vous n\u2019\u00eates pas jeamis\u00a0? D\u00e9connexion) \u00c0 partir du tableau de bord de votre compte, vous pouvez visualiser vos commandes r\u00e9centes, g\u00e9rer vos adresses de livraison et de facturation ainsi que changer votre mot de passe et les d\u00e9tails de votre compte.","og_url":"https:\/\/mariasimona.com\/es\/mi-cuenta\/","og_site_name":"Maria Simona","article_modified_time":"2026-01-29T15:14:07+00:00","twitter_card":"summary_large_image","schema":{"@context":"https:\/\/schema.org","@graph":[{"@type":"WebPage","@id":"https:\/\/mariasimona.com\/es\/mi-cuenta\/","url":"https:\/\/mariasimona.com\/es\/mi-cuenta\/","name":"Mi cuenta - Maria Simona","isPartOf":{"@id":"https:\/\/mariasimona.com\/es\/#website"},"datePublished":"2026-01-21T09:25:56+00:00","dateModified":"2026-01-29T15:14:07+00:00","breadcrumb":{"@id":"https:\/\/mariasimona.com\/es\/mi-cuenta\/#breadcrumb"},"inLanguage":"es","potentialAction":[{"@type":"ReadAction","target":["https:\/\/mariasimona.com\/es\/mi-cuenta\/"]}]},{"@type":"BreadcrumbList","@id":"https:\/\/mariasimona.com\/es\/mi-cuenta\/#breadcrumb","itemListElement":[{"@type":"ListItem","position":1,"name":"Inicio","item":"https:\/\/mariasimona.com\/es\/inicio\/"},{"@type":"ListItem","position":2,"name":"Mi cuenta"}]},{"@type":"WebSite","@id":"https:\/\/mariasimona.com\/es\/#website","url":"https:\/\/mariasimona.com\/es\/","name":"Maria Simona","description":"Maria Simona","publisher":{"@id":"https:\/\/mariasimona.com\/es\/#organization"},"potentialAction":[{"@type":"SearchAction","target":{"@type":"EntryPoint","urlTemplate":"https:\/\/mariasimona.com\/es\/?s={search_term_string}"},"query-input":{"@type":"PropertyValueSpecification","valueRequired":true,"valueName":"search_term_string"}}],"inLanguage":"es"},{"@type":"Organization","@id":"https:\/\/mariasimona.com\/es\/#organization","name":"Maria Simona","url":"https:\/\/mariasimona.com\/es\/","logo":{"@type":"ImageObject","inLanguage":"es","@id":"https:\/\/mariasimona.com\/es\/#\/schema\/logo\/image\/","url":"https:\/\/mariasimona.com\/wp-content\/uploads\/2026\/01\/cropped-cropped-cropped-Logo-Maria-Simona.png","contentUrl":"https:\/\/mariasimona.com\/wp-content\/uploads\/2026\/01\/cropped-cropped-cropped-Logo-Maria-Simona.png","width":718,"height":529,"caption":"Maria Simona"},"image":{"@id":"https:\/\/mariasimona.com\/es\/#\/schema\/logo\/image\/"}}]}},"_links":{"self":[{"href":"https:\/\/mariasimona.com\/es\/wp-json\/wp\/v2\/pages\/1879","targetHints":{"allow":["GET"]}}],"collection":[{"href":"https:\/\/mariasimona.com\/es\/wp-json\/wp\/v2\/pages"}],"about":[{"href":"https:\/\/mariasimona.com\/es\/wp-json\/wp\/v2\/types\/page"}],"author":[{"embeddable":true,"href":"https:\/\/mariasimona.com\/es\/wp-json\/wp\/v2\/users\/2"}],"replies":[{"embeddable":true,"href":"https:\/\/mariasimona.com\/es\/wp-json\/wp\/v2\/comments?post=1879"}],"version-history":[{"count":0,"href":"https:\/\/mariasimona.com\/es\/wp-json\/wp\/v2\/pages\/1879\/revisions"}],"wp:attachment":[{"href":"https:\/\/mariasimona.com\/es\/wp-json\/wp\/v2\/media?parent=1879"}],"curies":[{"name":"wp","href":"https:\/\/api.w.org\/{rel}","templated":true}]}}