{"id":35552,"date":"2026-01-21T21:08:49","date_gmt":"2026-01-21T20:08:49","guid":{"rendered":"https:\/\/mariasimona.com\/envios-y-devoluciones\/"},"modified":"2026-01-30T16:17:50","modified_gmt":"2026-01-30T15:17:50","slug":"envios-y-devoluciones","status":"publish","type":"page","link":"https:\/\/mariasimona.com\/es\/envios-y-devoluciones\/","title":{"rendered":"Env\u00edos y devoluciones"},"content":{"rendered":"\t\t<div data-elementor-type=\"wp-page\" data-elementor-id=\"35552\" class=\"elementor elementor-35552 elementor-779\" data-elementor-post-type=\"page\">\n\t\t\t\t<div class=\"elementor-element elementor-element-fd3ddcc e-flex e-con-boxed e-con e-parent\" data-id=\"fd3ddcc\" data-element_type=\"container\" data-e-type=\"container\" data-settings=\"{&quot;background_background&quot;:&quot;classic&quot;}\">\n\t\t\t\t\t<div class=\"e-con-inner\">\n\t\t\t\t<div class=\"elementor-element elementor-element-9dd28cd elementor-widget elementor-widget-heading\" data-id=\"9dd28cd\" data-element_type=\"widget\" data-e-type=\"widget\" data-widget_type=\"heading.default\">\n\t\t\t\t\t<h1 class=\"elementor-heading-title elementor-size-default\">Env\u00edo y devoluciones<\/h1>\t\t\t\t<\/div>\n\t\t\t\t\t<\/div>\n\t\t\t\t<\/div>\n\t\t<div class=\"elementor-element elementor-element-424a4ed e-flex e-con-boxed e-con e-parent\" data-id=\"424a4ed\" data-element_type=\"container\" data-e-type=\"container\" data-settings=\"{&quot;background_background&quot;:&quot;classic&quot;}\">\n\t\t\t\t\t<div class=\"e-con-inner\">\n\t\t<div class=\"elementor-element elementor-element-91eefa7 e-grid e-con-full e-con e-child\" data-id=\"91eefa7\" data-element_type=\"container\" data-e-type=\"container\">\n\t\t\t\t<div class=\"elementor-element elementor-element-3ad1afb carte1 elementor-view-default elementor-position-block-start elementor-mobile-position-block-start elementor-widget elementor-widget-icon-box\" data-id=\"3ad1afb\" data-element_type=\"widget\" data-e-type=\"widget\" data-widget_type=\"icon-box.default\">\n\t\t\t\t\t\t\t<div class=\"elementor-icon-box-wrapper\">\n\n\t\t\t\t\t\t<div class=\"elementor-icon-box-icon\">\n\t\t\t\t<span  class=\"elementor-icon\">\n\t\t\t\t<i aria-hidden=\"true\" class=\"feather feather-truck\"><\/i>\t\t\t\t<\/span>\n\t\t\t<\/div>\n\t\t\t\n\t\t\t\t\t\t<div class=\"elementor-icon-box-content\">\n\n\t\t\t\t\t\t\t\t\t<h3 class=\"elementor-icon-box-title\">\n\t\t\t\t\t\t<span  >\n\t\t\t\t\t\t\tEntrega r\u00e1pida\t\t\t\t\t\t<\/span>\n\t\t\t\t\t<\/h3>\n\t\t\t\t\n\t\t\t\t\t\t\t\t\t<p class=\"elementor-icon-box-description\">\n\t\t\t\t\t\tEnv\u00edo en 24-48 horas tras la validaci\u00f3n de su pedido.\t\t\t\t\t<\/p>\n\t\t\t\t\n\t\t\t<\/div>\n\t\t\t\n\t\t<\/div>\n\t\t\t\t\t\t<\/div>\n\t\t\t\t<div class=\"elementor-element elementor-element-6e3bc0b carte1 elementor-view-default elementor-position-block-start elementor-mobile-position-block-start elementor-widget elementor-widget-icon-box\" data-id=\"6e3bc0b\" data-element_type=\"widget\" data-e-type=\"widget\" data-widget_type=\"icon-box.default\">\n\t\t\t\t\t\t\t<div class=\"elementor-icon-box-wrapper\">\n\n\t\t\t\t\t\t<div class=\"elementor-icon-box-icon\">\n\t\t\t\t<span  class=\"elementor-icon\">\n\t\t\t\t<i aria-hidden=\"true\" class=\"feather feather-globe\"><\/i>\t\t\t\t<\/span>\n\t\t\t<\/div>\n\t\t\t\n\t\t\t\t\t\t<div class=\"elementor-icon-box-content\">\n\n\t\t\t\t\t\t\t\t\t<h3 class=\"elementor-icon-box-title\">\n\t\t\t\t\t\t<span  >\n\t\t\t\t\t\t\tEntrega mundial\t\t\t\t\t\t<\/span>\n\t\t\t\t\t<\/h3>\n\t\t\t\t\n\t\t\t\t\t\t\t\t\t<p class=\"elementor-icon-box-description\">\n\t\t\t\t\t\tRealizamos env\u00edos a todo el mundo con seguimiento de paquetes.\t\t\t\t\t<\/p>\n\t\t\t\t\n\t\t\t<\/div>\n\t\t\t\n\t\t<\/div>\n\t\t\t\t\t\t<\/div>\n\t\t\t\t<div class=\"elementor-element elementor-element-5524ce1 carte1 elementor-view-default elementor-position-block-start elementor-mobile-position-block-start elementor-widget elementor-widget-icon-box\" data-id=\"5524ce1\" data-element_type=\"widget\" data-e-type=\"widget\" data-widget_type=\"icon-box.default\">\n\t\t\t\t\t\t\t<div class=\"elementor-icon-box-wrapper\">\n\n\t\t\t\t\t\t<div class=\"elementor-icon-box-icon\">\n\t\t\t\t<span  class=\"elementor-icon\">\n\t\t\t\t<i aria-hidden=\"true\" class=\"uic fi-rr-clock-five\"><\/i>\t\t\t\t<\/span>\n\t\t\t<\/div>\n\t\t\t\n\t\t\t\t\t\t<div class=\"elementor-icon-box-content\">\n\n\t\t\t\t\t\t\t\t\t<h3 class=\"elementor-icon-box-title\">\n\t\t\t\t\t\t<span  >\n\t\t\t\t\t\t\tPlazos garantizados\t\t\t\t\t\t<\/span>\n\t\t\t\t\t<\/h3>\n\t\t\t\t\n\t\t\t\t\t\t\t\t\t<p class=\"elementor-icon-box-description\">\n\t\t\t\t\t\tFrancia: 2-3 d\u00edas | Europa: 3-5 d\u00edas | Mundo: 5-10 d\u00edas\t\t\t\t\t<\/p>\n\t\t\t\t\n\t\t\t<\/div>\n\t\t\t\n\t\t<\/div>\n\t\t\t\t\t\t<\/div>\n\t\t\t\t<div class=\"elementor-element elementor-element-6e76c89 carte1 elementor-view-default elementor-position-block-start elementor-mobile-position-block-start elementor-widget elementor-widget-icon-box\" data-id=\"6e76c89\" data-element_type=\"widget\" data-e-type=\"widget\" data-widget_type=\"icon-box.default\">\n\t\t\t\t\t\t\t<div class=\"elementor-icon-box-wrapper\">\n\n\t\t\t\t\t\t<div class=\"elementor-icon-box-icon\">\n\t\t\t\t<span  class=\"elementor-icon\">\n\t\t\t\t<i aria-hidden=\"true\" class=\"uic ms-Icon--CubeShape\"><\/i>\t\t\t\t<\/span>\n\t\t\t<\/div>\n\t\t\t\n\t\t\t\t\t\t<div class=\"elementor-icon-box-content\">\n\n\t\t\t\t\t\t\t\t\t<h3 class=\"elementor-icon-box-title\">\n\t\t\t\t\t\t<span  >\n\t\t\t\t\t\t\tEmbalaje cuidado\t\t\t\t\t\t<\/span>\n\t\t\t\t\t<\/h3>\n\t\t\t\t\n\t\t\t\t\t\t\t\t\t<p class=\"elementor-icon-box-description\">\n\t\t\t\t\t\tSus turrones se embalan con cuidado para garantizar su frescura.\t\t\t\t\t<\/p>\n\t\t\t\t\n\t\t\t<\/div>\n\t\t\t\n\t\t<\/div>\n\t\t\t\t\t\t<\/div>\n\t\t\t\t<\/div>\n\t\t\t\t<div class=\"elementor-element elementor-element-a3bd34c elementor-widget elementor-widget-heading\" data-id=\"a3bd34c\" data-element_type=\"widget\" data-e-type=\"widget\" data-widget_type=\"heading.default\">\n\t\t\t\t\t<h2 class=\"elementor-heading-title elementor-size-default\">Gastos de env\u00edo<\/h2>\t\t\t\t<\/div>\n\t\t<div class=\"elementor-element elementor-element-de62447 e-con-full e-flex e-con e-child\" data-id=\"de62447\" data-element_type=\"container\" data-e-type=\"container\" data-settings=\"{&quot;background_background&quot;:&quot;classic&quot;}\">\n\t\t<div class=\"elementor-element elementor-element-072d612 e-con-full e-flex e-con e-child\" data-id=\"072d612\" data-element_type=\"container\" data-e-type=\"container\">\n\t\t\t\t<div class=\"elementor-element elementor-element-61bba9e elementor-widget elementor-widget-heading\" data-id=\"61bba9e\" data-element_type=\"widget\" data-e-type=\"widget\" data-widget_type=\"heading.default\">\n\t\t\t\t\t<span class=\"elementor-heading-title elementor-size-default\">Zona<\/span>\t\t\t\t<\/div>\n\t\t\t\t<div class=\"elementor-element elementor-element-47f2d40 elementor-widget elementor-widget-heading\" data-id=\"47f2d40\" data-element_type=\"widget\" data-e-type=\"widget\" data-widget_type=\"heading.default\">\n\t\t\t\t\t<span class=\"elementor-heading-title elementor-size-default\">Gastos<\/span>\t\t\t\t<\/div>\n\t\t\t\t<\/div>\n\t\t<div class=\"elementor-element elementor-element-5a44c42 e-con-full e-flex e-con e-child\" data-id=\"5a44c42\" data-element_type=\"container\" data-e-type=\"container\">\n\t\t\t\t<div class=\"elementor-element elementor-element-5e224a5 elementor-widget elementor-widget-text-editor\" data-id=\"5e224a5\" data-element_type=\"widget\" data-e-type=\"widget\" data-widget_type=\"text-editor.default\">\n\t\t\t\t\t\t\t\t\t<p>Francia metropolitana<\/p>\t\t\t\t\t\t\t\t<\/div>\n\t\t\t\t<div class=\"elementor-element elementor-element-909d256 elementor-widget elementor-widget-text-editor\" data-id=\"909d256\" data-element_type=\"widget\" data-e-type=\"widget\" data-widget_type=\"text-editor.default\">\n\t\t\t\t\t\t\t\t\t<p>A partir de 4,90 \u20ac<\/p>\t\t\t\t\t\t\t\t<\/div>\n\t\t\t\t<\/div>\n\t\t<div class=\"elementor-element elementor-element-826888f e-con-full e-flex e-con e-child\" data-id=\"826888f\" data-element_type=\"container\" data-e-type=\"container\">\n\t\t\t\t<div class=\"elementor-element elementor-element-a2c0a6e elementor-widget elementor-widget-text-editor\" data-id=\"a2c0a6e\" data-element_type=\"widget\" data-e-type=\"widget\" data-widget_type=\"text-editor.default\">\n\t\t\t\t\t\t\t\t\t<p>Europa (UE)<\/p>\t\t\t\t\t\t\t\t<\/div>\n\t\t\t\t<div class=\"elementor-element elementor-element-a3e1ba5 elementor-widget elementor-widget-text-editor\" data-id=\"a3e1ba5\" data-element_type=\"widget\" data-e-type=\"widget\" data-widget_type=\"text-editor.default\">\n\t\t\t\t\t\t\t\t\t<p>A partir de 9,90 \u20ac<\/p>\t\t\t\t\t\t\t\t<\/div>\n\t\t\t\t<\/div>\n\t\t<div class=\"elementor-element elementor-element-72f86da e-con-full e-flex e-con e-child\" data-id=\"72f86da\" data-element_type=\"container\" data-e-type=\"container\">\n\t\t\t\t<div class=\"elementor-element elementor-element-8f63c42 elementor-widget elementor-widget-text-editor\" data-id=\"8f63c42\" data-element_type=\"widget\" data-e-type=\"widget\" data-widget_type=\"text-editor.default\">\n\t\t\t\t\t\t\t\t\t<p>Resto del mundo<\/p>\t\t\t\t\t\t\t\t<\/div>\n\t\t\t\t<div class=\"elementor-element elementor-element-6a16ba7 elementor-widget elementor-widget-text-editor\" data-id=\"6a16ba7\" data-element_type=\"widget\" data-e-type=\"widget\" data-widget_type=\"text-editor.default\">\n\t\t\t\t\t\t\t\t\t<p>Bajo presupuesto<\/p>\t\t\t\t\t\t\t\t<\/div>\n\t\t\t\t<\/div>\n\t\t\t\t<\/div>\n\t\t\t\t<div class=\"elementor-element elementor-element-c8bd68e elementor-widget elementor-widget-heading\" data-id=\"c8bd68e\" data-element_type=\"widget\" data-e-type=\"widget\" data-widget_type=\"heading.default\">\n\t\t\t\t\t<h2 class=\"elementor-heading-title elementor-size-default\">Pol\u00edtica de devoluciones<\/h2>\t\t\t\t<\/div>\n\t\t\t\t<div class=\"elementor-element elementor-element-e04b445 elementor-widget elementor-widget-text-editor\" data-id=\"e04b445\" data-element_type=\"widget\" data-e-type=\"widget\" data-widget_type=\"text-editor.default\">\n\t\t\t\t\t\t\t\t\t<p class=\"text-muted-foreground mb-4\">Dispone de un plazo de 14 d\u00edas tras la recepci\u00f3n de su pedido para devolvernos un producto que no le convenza.<\/p><p class=\"text-muted-foreground mb-4\">Los productos deben devolverse en su embalaje original, sin abrir y en perfecto estado.<\/p><p class=\"text-muted-foreground\">Para iniciar una devoluci\u00f3n, cont\u00e1ctenos en <a class=\"text-primary hover:underline\" href=\"mailto:contacto@mariasimona.com\">contacto@mariasimona.com<\/a><\/p>\t\t\t\t\t\t\t\t<\/div>\n\t\t\t\t\t<\/div>\n\t\t\t\t<\/div>\n\t\t\t\t<\/div>\n\t\t","protected":false},"excerpt":{"rendered":"<p>Env\u00edo y devoluciones Entrega r\u00e1pida Env\u00edo en 24-48 horas tras la validaci\u00f3n de su pedido. Entrega mundial Realizamos env\u00edos a todo el mundo con seguimiento de paquetes. Plazos garantizados Francia: 2-3 d\u00edas | Europa: 3-5 d\u00edas | Mundo: 5-10 d\u00edas Embalaje cuidado Sus turrones se embalan con cuidado para garantizar su frescura. Gastos de env\u00edo [&hellip;]<\/p>\n","protected":false},"author":2,"featured_media":0,"parent":0,"menu_order":0,"comment_status":"closed","ping_status":"closed","template":"","meta":{"footnotes":""},"class_list":["post-35552","page","type-page","status-publish","hentry"],"yoast_head":"<!-- This site is optimized with the Yoast SEO plugin v27.5 - https:\/\/yoast.com\/product\/yoast-seo-wordpress\/ -->\n<title>Env\u00edos y devoluciones - Maria Simona<\/title>\n<meta name=\"robots\" content=\"index, follow, max-snippet:-1, max-image-preview:large, max-video-preview:-1\" \/>\n<link rel=\"canonical\" href=\"https:\/\/mariasimona.com\/es\/envios-y-devoluciones\/\" \/>\n<meta property=\"og:locale\" content=\"es_ES\" \/>\n<meta property=\"og:type\" content=\"article\" \/>\n<meta property=\"og:title\" content=\"Env\u00edos y devoluciones - Maria Simona\" \/>\n<meta property=\"og:description\" content=\"Env\u00edo y devoluciones Entrega r\u00e1pida Env\u00edo en 24-48 horas tras la validaci\u00f3n de su pedido. Entrega mundial Realizamos env\u00edos a todo el mundo con seguimiento de paquetes. Plazos garantizados Francia: 2-3 d\u00edas | Europa: 3-5 d\u00edas | Mundo: 5-10 d\u00edas Embalaje cuidado Sus turrones se embalan con cuidado para garantizar su frescura. Gastos de env\u00edo [&hellip;]\" \/>\n<meta property=\"og:url\" content=\"https:\/\/mariasimona.com\/es\/envios-y-devoluciones\/\" \/>\n<meta property=\"og:site_name\" content=\"Maria Simona\" \/>\n<meta property=\"article:modified_time\" content=\"2026-01-30T15:17:50+00:00\" \/>\n<meta name=\"twitter:card\" content=\"summary_large_image\" \/>\n<meta name=\"twitter:label1\" content=\"Tiempo de lectura\" \/>\n\t<meta name=\"twitter:data1\" content=\"1 minuto\" \/>\n<script type=\"application\/ld+json\" class=\"yoast-schema-graph\">{\"@context\":\"https:\\\/\\\/schema.org\",\"@graph\":[{\"@type\":\"WebPage\",\"@id\":\"https:\\\/\\\/mariasimona.com\\\/es\\\/envios-y-devoluciones\\\/\",\"url\":\"https:\\\/\\\/mariasimona.com\\\/es\\\/envios-y-devoluciones\\\/\",\"name\":\"Env\u00edos y devoluciones - Maria Simona\",\"isPartOf\":{\"@id\":\"https:\\\/\\\/mariasimona.com\\\/es\\\/#website\"},\"datePublished\":\"2026-01-21T20:08:49+00:00\",\"dateModified\":\"2026-01-30T15:17:50+00:00\",\"breadcrumb\":{\"@id\":\"https:\\\/\\\/mariasimona.com\\\/es\\\/envios-y-devoluciones\\\/#breadcrumb\"},\"inLanguage\":\"es\",\"potentialAction\":[{\"@type\":\"ReadAction\",\"target\":[\"https:\\\/\\\/mariasimona.com\\\/es\\\/envios-y-devoluciones\\\/\"]}]},{\"@type\":\"BreadcrumbList\",\"@id\":\"https:\\\/\\\/mariasimona.com\\\/es\\\/envios-y-devoluciones\\\/#breadcrumb\",\"itemListElement\":[{\"@type\":\"ListItem\",\"position\":1,\"name\":\"Inicio\",\"item\":\"https:\\\/\\\/mariasimona.com\\\/es\\\/inicio\\\/\"},{\"@type\":\"ListItem\",\"position\":2,\"name\":\"Env\u00edos y devoluciones\"}]},{\"@type\":\"WebSite\",\"@id\":\"https:\\\/\\\/mariasimona.com\\\/es\\\/#website\",\"url\":\"https:\\\/\\\/mariasimona.com\\\/es\\\/\",\"name\":\"Maria Simona\",\"description\":\"Maria Simona\",\"publisher\":{\"@id\":\"https:\\\/\\\/mariasimona.com\\\/es\\\/#organization\"},\"potentialAction\":[{\"@type\":\"SearchAction\",\"target\":{\"@type\":\"EntryPoint\",\"urlTemplate\":\"https:\\\/\\\/mariasimona.com\\\/es\\\/?s={search_term_string}\"},\"query-input\":{\"@type\":\"PropertyValueSpecification\",\"valueRequired\":true,\"valueName\":\"search_term_string\"}}],\"inLanguage\":\"es\"},{\"@type\":\"Organization\",\"@id\":\"https:\\\/\\\/mariasimona.com\\\/es\\\/#organization\",\"name\":\"Maria Simona\",\"url\":\"https:\\\/\\\/mariasimona.com\\\/es\\\/\",\"logo\":{\"@type\":\"ImageObject\",\"inLanguage\":\"es\",\"@id\":\"https:\\\/\\\/mariasimona.com\\\/es\\\/#\\\/schema\\\/logo\\\/image\\\/\",\"url\":\"https:\\\/\\\/mariasimona.com\\\/wp-content\\\/uploads\\\/2026\\\/01\\\/cropped-cropped-cropped-Logo-Maria-Simona.png\",\"contentUrl\":\"https:\\\/\\\/mariasimona.com\\\/wp-content\\\/uploads\\\/2026\\\/01\\\/cropped-cropped-cropped-Logo-Maria-Simona.png\",\"width\":718,\"height\":529,\"caption\":\"Maria Simona\"},\"image\":{\"@id\":\"https:\\\/\\\/mariasimona.com\\\/es\\\/#\\\/schema\\\/logo\\\/image\\\/\"}}]}<\/script>\n<!-- \/ Yoast SEO plugin. -->","yoast_head_json":{"title":"Env\u00edos y devoluciones - Maria Simona","robots":{"index":"index","follow":"follow","max-snippet":"max-snippet:-1","max-image-preview":"max-image-preview:large","max-video-preview":"max-video-preview:-1"},"canonical":"https:\/\/mariasimona.com\/es\/envios-y-devoluciones\/","og_locale":"es_ES","og_type":"article","og_title":"Env\u00edos y devoluciones - Maria Simona","og_description":"Env\u00edo y devoluciones Entrega r\u00e1pida Env\u00edo en 24-48 horas tras la validaci\u00f3n de su pedido. Entrega mundial Realizamos env\u00edos a todo el mundo con seguimiento de paquetes. Plazos garantizados Francia: 2-3 d\u00edas | Europa: 3-5 d\u00edas | Mundo: 5-10 d\u00edas Embalaje cuidado Sus turrones se embalan con cuidado para garantizar su frescura. Gastos de env\u00edo [&hellip;]","og_url":"https:\/\/mariasimona.com\/es\/envios-y-devoluciones\/","og_site_name":"Maria Simona","article_modified_time":"2026-01-30T15:17:50+00:00","twitter_card":"summary_large_image","twitter_misc":{"Tiempo de lectura":"1 minuto"},"schema":{"@context":"https:\/\/schema.org","@graph":[{"@type":"WebPage","@id":"https:\/\/mariasimona.com\/es\/envios-y-devoluciones\/","url":"https:\/\/mariasimona.com\/es\/envios-y-devoluciones\/","name":"Env\u00edos y devoluciones - Maria Simona","isPartOf":{"@id":"https:\/\/mariasimona.com\/es\/#website"},"datePublished":"2026-01-21T20:08:49+00:00","dateModified":"2026-01-30T15:17:50+00:00","breadcrumb":{"@id":"https:\/\/mariasimona.com\/es\/envios-y-devoluciones\/#breadcrumb"},"inLanguage":"es","potentialAction":[{"@type":"ReadAction","target":["https:\/\/mariasimona.com\/es\/envios-y-devoluciones\/"]}]},{"@type":"BreadcrumbList","@id":"https:\/\/mariasimona.com\/es\/envios-y-devoluciones\/#breadcrumb","itemListElement":[{"@type":"ListItem","position":1,"name":"Inicio","item":"https:\/\/mariasimona.com\/es\/inicio\/"},{"@type":"ListItem","position":2,"name":"Env\u00edos y devoluciones"}]},{"@type":"WebSite","@id":"https:\/\/mariasimona.com\/es\/#website","url":"https:\/\/mariasimona.com\/es\/","name":"Maria Simona","description":"Maria Simona","publisher":{"@id":"https:\/\/mariasimona.com\/es\/#organization"},"potentialAction":[{"@type":"SearchAction","target":{"@type":"EntryPoint","urlTemplate":"https:\/\/mariasimona.com\/es\/?s={search_term_string}"},"query-input":{"@type":"PropertyValueSpecification","valueRequired":true,"valueName":"search_term_string"}}],"inLanguage":"es"},{"@type":"Organization","@id":"https:\/\/mariasimona.com\/es\/#organization","name":"Maria Simona","url":"https:\/\/mariasimona.com\/es\/","logo":{"@type":"ImageObject","inLanguage":"es","@id":"https:\/\/mariasimona.com\/es\/#\/schema\/logo\/image\/","url":"https:\/\/mariasimona.com\/wp-content\/uploads\/2026\/01\/cropped-cropped-cropped-Logo-Maria-Simona.png","contentUrl":"https:\/\/mariasimona.com\/wp-content\/uploads\/2026\/01\/cropped-cropped-cropped-Logo-Maria-Simona.png","width":718,"height":529,"caption":"Maria Simona"},"image":{"@id":"https:\/\/mariasimona.com\/es\/#\/schema\/logo\/image\/"}}]}},"_links":{"self":[{"href":"https:\/\/mariasimona.com\/es\/wp-json\/wp\/v2\/pages\/35552","targetHints":{"allow":["GET"]}}],"collection":[{"href":"https:\/\/mariasimona.com\/es\/wp-json\/wp\/v2\/pages"}],"about":[{"href":"https:\/\/mariasimona.com\/es\/wp-json\/wp\/v2\/types\/page"}],"author":[{"embeddable":true,"href":"https:\/\/mariasimona.com\/es\/wp-json\/wp\/v2\/users\/2"}],"replies":[{"embeddable":true,"href":"https:\/\/mariasimona.com\/es\/wp-json\/wp\/v2\/comments?post=35552"}],"version-history":[{"count":1,"href":"https:\/\/mariasimona.com\/es\/wp-json\/wp\/v2\/pages\/35552\/revisions"}],"predecessor-version":[{"id":35553,"href":"https:\/\/mariasimona.com\/es\/wp-json\/wp\/v2\/pages\/35552\/revisions\/35553"}],"wp:attachment":[{"href":"https:\/\/mariasimona.com\/es\/wp-json\/wp\/v2\/media?parent=35552"}],"curies":[{"name":"wp","href":"https:\/\/api.w.org\/{rel}","templated":true}]}}