{"id":35562,"date":"2026-01-21T21:08:57","date_gmt":"2026-01-21T20:08:57","guid":{"rendered":"https:\/\/mariasimona.com\/satisfecho-o-le-devolvemos-su-dinero\/"},"modified":"2026-01-30T16:36:03","modified_gmt":"2026-01-30T15:36:03","slug":"satisfecho-o-le-devolvemos-su-dinero","status":"publish","type":"page","link":"https:\/\/mariasimona.com\/es\/satisfecho-o-le-devolvemos-su-dinero\/","title":{"rendered":"Satisfecho o le devolvemos su dinero"},"content":{"rendered":"\t\t<div data-elementor-type=\"wp-page\" data-elementor-id=\"35562\" class=\"elementor elementor-35562 elementor-781\" data-elementor-post-type=\"page\">\n\t\t\t\t<div class=\"elementor-element elementor-element-32ff85d e-flex e-con-boxed e-con e-parent\" data-id=\"32ff85d\" data-element_type=\"container\" data-e-type=\"container\" data-settings=\"{&quot;background_background&quot;:&quot;classic&quot;}\">\n\t\t\t\t\t<div class=\"e-con-inner\">\n\t\t\t\t<div class=\"elementor-element elementor-element-ecb3b2a elementor-widget elementor-widget-heading\" data-id=\"ecb3b2a\" data-element_type=\"widget\" data-e-type=\"widget\" data-widget_type=\"heading.default\">\n\t\t\t\t\t<h1 class=\"elementor-heading-title elementor-size-default\">Satisfecho o le Devolvemos su Dinero<\/h1>\t\t\t\t<\/div>\n\t\t\t\t\t<\/div>\n\t\t\t\t<\/div>\n\t\t<div class=\"elementor-element elementor-element-c7279ca e-flex e-con-boxed e-con e-parent\" data-id=\"c7279ca\" data-element_type=\"container\" data-e-type=\"container\" data-settings=\"{&quot;background_background&quot;:&quot;classic&quot;}\">\n\t\t\t\t\t<div class=\"e-con-inner\">\n\t\t<div class=\"elementor-element elementor-element-d0fcaf5 e-grid e-con-full e-con e-child\" data-id=\"d0fcaf5\" data-element_type=\"container\" data-e-type=\"container\">\n\t\t\t\t<div class=\"elementor-element elementor-element-54657fd carte1 elementor-view-default elementor-position-block-start elementor-mobile-position-block-start elementor-widget elementor-widget-icon-box\" data-id=\"54657fd\" data-element_type=\"widget\" data-e-type=\"widget\" data-widget_type=\"icon-box.default\">\n\t\t\t\t\t\t\t<div class=\"elementor-icon-box-wrapper\">\n\n\t\t\t\t\t\t<div class=\"elementor-icon-box-icon\">\n\t\t\t\t<span  class=\"elementor-icon\">\n\t\t\t\t<i aria-hidden=\"true\" class=\"feather feather-shield\"><\/i>\t\t\t\t<\/span>\n\t\t\t<\/div>\n\t\t\t\n\t\t\t\t\t\t<div class=\"elementor-icon-box-content\">\n\n\t\t\t\t\t\t\t\t\t<h3 class=\"elementor-icon-box-title\">\n\t\t\t\t\t\t<span  >\n\t\t\t\t\t\t\tGarant\u00eda de Calidad\t\t\t\t\t\t<\/span>\n\t\t\t\t\t<\/h3>\n\t\t\t\t\n\t\t\t\t\t\t\t\t\t<p class=\"elementor-icon-box-description\">\n\t\t\t\t\t\tTodos nuestros productos est\u00e1n certificados con la IGP y fabricados seg\u00fan estrictos est\u00e1ndares de calidad.\t\t\t\t\t<\/p>\n\t\t\t\t\n\t\t\t<\/div>\n\t\t\t\n\t\t<\/div>\n\t\t\t\t\t\t<\/div>\n\t\t\t\t<div class=\"elementor-element elementor-element-2dbdbb2 carte1 elementor-view-default elementor-position-block-start elementor-mobile-position-block-start elementor-widget elementor-widget-icon-box\" data-id=\"2dbdbb2\" data-element_type=\"widget\" data-e-type=\"widget\" data-widget_type=\"icon-box.default\">\n\t\t\t\t\t\t\t<div class=\"elementor-icon-box-wrapper\">\n\n\t\t\t\t\t\t<div class=\"elementor-icon-box-icon\">\n\t\t\t\t<span  class=\"elementor-icon\">\n\t\t\t\t<i aria-hidden=\"true\" class=\"feather feather-rotate-ccw\"><\/i>\t\t\t\t<\/span>\n\t\t\t<\/div>\n\t\t\t\n\t\t\t\t\t\t<div class=\"elementor-icon-box-content\">\n\n\t\t\t\t\t\t\t\t\t<h3 class=\"elementor-icon-box-title\">\n\t\t\t\t\t\t<span  >\n\t\t\t\t\t\t\tReembolso F\u00e1cil\t\t\t\t\t\t<\/span>\n\t\t\t\t\t<\/h3>\n\t\t\t\t\n\t\t\t\t\t\t\t\t\t<p class=\"elementor-icon-box-description\">\n\t\t\t\t\t\tDevoluci\u00f3n gratuita en 14 d\u00edas si no est\u00e1 satisfecho con su compra.\t\t\t\t\t<\/p>\n\t\t\t\t\n\t\t\t<\/div>\n\t\t\t\n\t\t<\/div>\n\t\t\t\t\t\t<\/div>\n\t\t\t\t<div class=\"elementor-element elementor-element-31200e2 carte1 elementor-view-default elementor-position-block-start elementor-mobile-position-block-start elementor-widget elementor-widget-icon-box\" data-id=\"31200e2\" data-element_type=\"widget\" data-e-type=\"widget\" data-widget_type=\"icon-box.default\">\n\t\t\t\t\t\t\t<div class=\"elementor-icon-box-wrapper\">\n\n\t\t\t\t\t\t<div class=\"elementor-icon-box-icon\">\n\t\t\t\t<span  class=\"elementor-icon\">\n\t\t\t\t<i aria-hidden=\"true\" class=\"xlwpf wppb-font-like\"><\/i>\t\t\t\t<\/span>\n\t\t\t<\/div>\n\t\t\t\n\t\t\t\t\t\t<div class=\"elementor-icon-box-content\">\n\n\t\t\t\t\t\t\t\t\t<h3 class=\"elementor-icon-box-title\">\n\t\t\t\t\t\t<span  >\n\t\t\t\t\t\t\tSatisfacci\u00f3n del Cliente\t\t\t\t\t\t<\/span>\n\t\t\t\t\t<\/h3>\n\t\t\t\t\n\t\t\t\t\t\t\t\t\t<p class=\"elementor-icon-box-description\">\n\t\t\t\t\t\tEl 98% de nuestros clientes recomiendan nuestros productos a sus allegados.\t\t\t\t\t<\/p>\n\t\t\t\t\n\t\t\t<\/div>\n\t\t\t\n\t\t<\/div>\n\t\t\t\t\t\t<\/div>\n\t\t\t\t<div class=\"elementor-element elementor-element-9194d6d carte1 elementor-view-default elementor-position-block-start elementor-mobile-position-block-start elementor-widget elementor-widget-icon-box\" data-id=\"9194d6d\" data-element_type=\"widget\" data-e-type=\"widget\" data-widget_type=\"icon-box.default\">\n\t\t\t\t\t\t\t<div class=\"elementor-icon-box-wrapper\">\n\n\t\t\t\t\t\t<div class=\"elementor-icon-box-icon\">\n\t\t\t\t<span  class=\"elementor-icon\">\n\t\t\t\t<i aria-hidden=\"true\" class=\"feather feather-headphones\"><\/i>\t\t\t\t<\/span>\n\t\t\t<\/div>\n\t\t\t\n\t\t\t\t\t\t<div class=\"elementor-icon-box-content\">\n\n\t\t\t\t\t\t\t\t\t<h3 class=\"elementor-icon-box-title\">\n\t\t\t\t\t\t<span  >\n\t\t\t\t\t\t\tSoporte Reactivo\t\t\t\t\t\t<\/span>\n\t\t\t\t\t<\/h3>\n\t\t\t\t\n\t\t\t\t\t\t\t\t\t<p class=\"elementor-icon-box-description\">\n\t\t\t\t\t\tNuestro equipo est\u00e1 disponible para responder a todas sus preguntas.\t\t\t\t\t<\/p>\n\t\t\t\t\n\t\t\t<\/div>\n\t\t\t\n\t\t<\/div>\n\t\t\t\t\t\t<\/div>\n\t\t\t\t<\/div>\n\t\t\t\t<div class=\"elementor-element elementor-element-fdb528b elementor-widget elementor-widget-heading\" data-id=\"fdb528b\" data-element_type=\"widget\" data-e-type=\"widget\" data-widget_type=\"heading.default\">\n\t\t\t\t\t<h2 class=\"elementor-heading-title elementor-size-default\">Nuestro compromiso<\/h2>\t\t\t\t<\/div>\n\t\t\t\t<div class=\"elementor-element elementor-element-6a7984a elementor-widget elementor-widget-text-editor\" data-id=\"6a7984a\" data-element_type=\"widget\" data-e-type=\"widget\" data-widget_type=\"text-editor.default\">\n\t\t\t\t\t\t\t\t\t<p>En Maria Simona, su satisfacci\u00f3n es nuestra prioridad absoluta. Por eso le ofrecemos una garant\u00eda de satisfacci\u00f3n o reembolso en todos nuestros productos. <\/p><p>Si por alguna raz\u00f3n no queda completamente satisfecho con su compra, dispone de 14 d\u00edas a partir de la recepci\u00f3n de su pedido para devolv\u00e9rnosla.<\/p><p>Le reembolsaremos \u00edntegramente el importe de su compra, incluidos los gastos de env\u00edo iniciales (seg\u00fan la tarifa est\u00e1ndar).<\/p><p>Para iniciar una devoluci\u00f3n, solo tiene que ponerse en contacto con nosotros en <a class=\"text-primary hover:underline\" href=\"mailto:contacto@mariasimona.com\">contacto@mariasimona.com<\/a>. Nuestro equipo le guiar\u00e1 durante todo el proceso. <\/p>\t\t\t\t\t\t\t\t<\/div>\n\t\t\t\t\t<\/div>\n\t\t\t\t<\/div>\n\t\t\t\t<\/div>\n\t\t","protected":false},"excerpt":{"rendered":"<p>Satisfecho o le Devolvemos su Dinero Garant\u00eda de Calidad Todos nuestros productos est\u00e1n certificados con la IGP y fabricados seg\u00fan estrictos est\u00e1ndares de calidad. Reembolso F\u00e1cil Devoluci\u00f3n gratuita en 14 d\u00edas si no est\u00e1 satisfecho con su compra. Satisfacci\u00f3n del Cliente El 98% de nuestros clientes recomiendan nuestros productos a sus allegados. Soporte Reactivo Nuestro [&hellip;]<\/p>\n","protected":false},"author":2,"featured_media":0,"parent":0,"menu_order":0,"comment_status":"closed","ping_status":"closed","template":"","meta":{"footnotes":""},"class_list":["post-35562","page","type-page","status-publish","hentry"],"yoast_head":"<!-- This site is optimized with the Yoast SEO plugin v27.5 - https:\/\/yoast.com\/product\/yoast-seo-wordpress\/ -->\n<title>Satisfecho o le devolvemos su dinero - Maria Simona<\/title>\n<meta name=\"robots\" content=\"index, follow, max-snippet:-1, max-image-preview:large, max-video-preview:-1\" \/>\n<link rel=\"canonical\" href=\"https:\/\/mariasimona.com\/es\/satisfecho-o-le-devolvemos-su-dinero\/\" \/>\n<meta property=\"og:locale\" content=\"es_ES\" \/>\n<meta property=\"og:type\" content=\"article\" \/>\n<meta property=\"og:title\" content=\"Satisfecho o le devolvemos su dinero - Maria Simona\" \/>\n<meta property=\"og:description\" content=\"Satisfecho o le Devolvemos su Dinero Garant\u00eda de Calidad Todos nuestros productos est\u00e1n certificados con la IGP y fabricados seg\u00fan estrictos est\u00e1ndares de calidad. Reembolso F\u00e1cil Devoluci\u00f3n gratuita en 14 d\u00edas si no est\u00e1 satisfecho con su compra. Satisfacci\u00f3n del Cliente El 98% de nuestros clientes recomiendan nuestros productos a sus allegados. Soporte Reactivo Nuestro [&hellip;]\" \/>\n<meta property=\"og:url\" content=\"https:\/\/mariasimona.com\/es\/satisfecho-o-le-devolvemos-su-dinero\/\" \/>\n<meta property=\"og:site_name\" content=\"Maria Simona\" \/>\n<meta property=\"article:modified_time\" content=\"2026-01-30T15:36:03+00:00\" \/>\n<meta name=\"twitter:card\" content=\"summary_large_image\" \/>\n<meta name=\"twitter:label1\" content=\"Tiempo de lectura\" \/>\n\t<meta name=\"twitter:data1\" content=\"1 minuto\" \/>\n<script type=\"application\/ld+json\" class=\"yoast-schema-graph\">{\"@context\":\"https:\\\/\\\/schema.org\",\"@graph\":[{\"@type\":\"WebPage\",\"@id\":\"https:\\\/\\\/mariasimona.com\\\/es\\\/satisfecho-o-le-devolvemos-su-dinero\\\/\",\"url\":\"https:\\\/\\\/mariasimona.com\\\/es\\\/satisfecho-o-le-devolvemos-su-dinero\\\/\",\"name\":\"Satisfecho o le devolvemos su dinero - Maria Simona\",\"isPartOf\":{\"@id\":\"https:\\\/\\\/mariasimona.com\\\/es\\\/#website\"},\"datePublished\":\"2026-01-21T20:08:57+00:00\",\"dateModified\":\"2026-01-30T15:36:03+00:00\",\"breadcrumb\":{\"@id\":\"https:\\\/\\\/mariasimona.com\\\/es\\\/satisfecho-o-le-devolvemos-su-dinero\\\/#breadcrumb\"},\"inLanguage\":\"es\",\"potentialAction\":[{\"@type\":\"ReadAction\",\"target\":[\"https:\\\/\\\/mariasimona.com\\\/es\\\/satisfecho-o-le-devolvemos-su-dinero\\\/\"]}]},{\"@type\":\"BreadcrumbList\",\"@id\":\"https:\\\/\\\/mariasimona.com\\\/es\\\/satisfecho-o-le-devolvemos-su-dinero\\\/#breadcrumb\",\"itemListElement\":[{\"@type\":\"ListItem\",\"position\":1,\"name\":\"Inicio\",\"item\":\"https:\\\/\\\/mariasimona.com\\\/es\\\/inicio\\\/\"},{\"@type\":\"ListItem\",\"position\":2,\"name\":\"Satisfecho o le devolvemos su dinero\"}]},{\"@type\":\"WebSite\",\"@id\":\"https:\\\/\\\/mariasimona.com\\\/es\\\/#website\",\"url\":\"https:\\\/\\\/mariasimona.com\\\/es\\\/\",\"name\":\"Maria Simona\",\"description\":\"Maria Simona\",\"publisher\":{\"@id\":\"https:\\\/\\\/mariasimona.com\\\/es\\\/#organization\"},\"potentialAction\":[{\"@type\":\"SearchAction\",\"target\":{\"@type\":\"EntryPoint\",\"urlTemplate\":\"https:\\\/\\\/mariasimona.com\\\/es\\\/?s={search_term_string}\"},\"query-input\":{\"@type\":\"PropertyValueSpecification\",\"valueRequired\":true,\"valueName\":\"search_term_string\"}}],\"inLanguage\":\"es\"},{\"@type\":\"Organization\",\"@id\":\"https:\\\/\\\/mariasimona.com\\\/es\\\/#organization\",\"name\":\"Maria Simona\",\"url\":\"https:\\\/\\\/mariasimona.com\\\/es\\\/\",\"logo\":{\"@type\":\"ImageObject\",\"inLanguage\":\"es\",\"@id\":\"https:\\\/\\\/mariasimona.com\\\/es\\\/#\\\/schema\\\/logo\\\/image\\\/\",\"url\":\"https:\\\/\\\/mariasimona.com\\\/wp-content\\\/uploads\\\/2026\\\/01\\\/cropped-cropped-cropped-Logo-Maria-Simona.png\",\"contentUrl\":\"https:\\\/\\\/mariasimona.com\\\/wp-content\\\/uploads\\\/2026\\\/01\\\/cropped-cropped-cropped-Logo-Maria-Simona.png\",\"width\":718,\"height\":529,\"caption\":\"Maria Simona\"},\"image\":{\"@id\":\"https:\\\/\\\/mariasimona.com\\\/es\\\/#\\\/schema\\\/logo\\\/image\\\/\"}}]}<\/script>\n<!-- \/ Yoast SEO plugin. -->","yoast_head_json":{"title":"Satisfecho o le devolvemos su dinero - Maria Simona","robots":{"index":"index","follow":"follow","max-snippet":"max-snippet:-1","max-image-preview":"max-image-preview:large","max-video-preview":"max-video-preview:-1"},"canonical":"https:\/\/mariasimona.com\/es\/satisfecho-o-le-devolvemos-su-dinero\/","og_locale":"es_ES","og_type":"article","og_title":"Satisfecho o le devolvemos su dinero - Maria Simona","og_description":"Satisfecho o le Devolvemos su Dinero Garant\u00eda de Calidad Todos nuestros productos est\u00e1n certificados con la IGP y fabricados seg\u00fan estrictos est\u00e1ndares de calidad. Reembolso F\u00e1cil Devoluci\u00f3n gratuita en 14 d\u00edas si no est\u00e1 satisfecho con su compra. Satisfacci\u00f3n del Cliente El 98% de nuestros clientes recomiendan nuestros productos a sus allegados. Soporte Reactivo Nuestro [&hellip;]","og_url":"https:\/\/mariasimona.com\/es\/satisfecho-o-le-devolvemos-su-dinero\/","og_site_name":"Maria Simona","article_modified_time":"2026-01-30T15:36:03+00:00","twitter_card":"summary_large_image","twitter_misc":{"Tiempo de lectura":"1 minuto"},"schema":{"@context":"https:\/\/schema.org","@graph":[{"@type":"WebPage","@id":"https:\/\/mariasimona.com\/es\/satisfecho-o-le-devolvemos-su-dinero\/","url":"https:\/\/mariasimona.com\/es\/satisfecho-o-le-devolvemos-su-dinero\/","name":"Satisfecho o le devolvemos su dinero - Maria Simona","isPartOf":{"@id":"https:\/\/mariasimona.com\/es\/#website"},"datePublished":"2026-01-21T20:08:57+00:00","dateModified":"2026-01-30T15:36:03+00:00","breadcrumb":{"@id":"https:\/\/mariasimona.com\/es\/satisfecho-o-le-devolvemos-su-dinero\/#breadcrumb"},"inLanguage":"es","potentialAction":[{"@type":"ReadAction","target":["https:\/\/mariasimona.com\/es\/satisfecho-o-le-devolvemos-su-dinero\/"]}]},{"@type":"BreadcrumbList","@id":"https:\/\/mariasimona.com\/es\/satisfecho-o-le-devolvemos-su-dinero\/#breadcrumb","itemListElement":[{"@type":"ListItem","position":1,"name":"Inicio","item":"https:\/\/mariasimona.com\/es\/inicio\/"},{"@type":"ListItem","position":2,"name":"Satisfecho o le devolvemos su dinero"}]},{"@type":"WebSite","@id":"https:\/\/mariasimona.com\/es\/#website","url":"https:\/\/mariasimona.com\/es\/","name":"Maria Simona","description":"Maria Simona","publisher":{"@id":"https:\/\/mariasimona.com\/es\/#organization"},"potentialAction":[{"@type":"SearchAction","target":{"@type":"EntryPoint","urlTemplate":"https:\/\/mariasimona.com\/es\/?s={search_term_string}"},"query-input":{"@type":"PropertyValueSpecification","valueRequired":true,"valueName":"search_term_string"}}],"inLanguage":"es"},{"@type":"Organization","@id":"https:\/\/mariasimona.com\/es\/#organization","name":"Maria Simona","url":"https:\/\/mariasimona.com\/es\/","logo":{"@type":"ImageObject","inLanguage":"es","@id":"https:\/\/mariasimona.com\/es\/#\/schema\/logo\/image\/","url":"https:\/\/mariasimona.com\/wp-content\/uploads\/2026\/01\/cropped-cropped-cropped-Logo-Maria-Simona.png","contentUrl":"https:\/\/mariasimona.com\/wp-content\/uploads\/2026\/01\/cropped-cropped-cropped-Logo-Maria-Simona.png","width":718,"height":529,"caption":"Maria Simona"},"image":{"@id":"https:\/\/mariasimona.com\/es\/#\/schema\/logo\/image\/"}}]}},"_links":{"self":[{"href":"https:\/\/mariasimona.com\/es\/wp-json\/wp\/v2\/pages\/35562","targetHints":{"allow":["GET"]}}],"collection":[{"href":"https:\/\/mariasimona.com\/es\/wp-json\/wp\/v2\/pages"}],"about":[{"href":"https:\/\/mariasimona.com\/es\/wp-json\/wp\/v2\/types\/page"}],"author":[{"embeddable":true,"href":"https:\/\/mariasimona.com\/es\/wp-json\/wp\/v2\/users\/2"}],"replies":[{"embeddable":true,"href":"https:\/\/mariasimona.com\/es\/wp-json\/wp\/v2\/comments?post=35562"}],"version-history":[{"count":1,"href":"https:\/\/mariasimona.com\/es\/wp-json\/wp\/v2\/pages\/35562\/revisions"}],"predecessor-version":[{"id":35563,"href":"https:\/\/mariasimona.com\/es\/wp-json\/wp\/v2\/pages\/35562\/revisions\/35563"}],"wp:attachment":[{"href":"https:\/\/mariasimona.com\/es\/wp-json\/wp\/v2\/media?parent=35562"}],"curies":[{"name":"wp","href":"https:\/\/api.w.org\/{rel}","templated":true}]}}