{"id":35568,"date":"2026-01-21T21:09:06","date_gmt":"2026-01-21T20:09:06","guid":{"rendered":"https:\/\/mariasimona.com\/condiciones-generales\/"},"modified":"2026-01-30T16:41:37","modified_gmt":"2026-01-30T15:41:37","slug":"condiciones-generales","status":"publish","type":"page","link":"https:\/\/mariasimona.com\/es\/condiciones-generales\/","title":{"rendered":"Condiciones generales"},"content":{"rendered":"\t\t<div data-elementor-type=\"wp-page\" data-elementor-id=\"35568\" class=\"elementor elementor-35568 elementor-782\" data-elementor-post-type=\"page\">\n\t\t\t\t<div class=\"elementor-element elementor-element-9d43bc9 e-flex e-con-boxed e-con e-parent\" data-id=\"9d43bc9\" data-element_type=\"container\" data-e-type=\"container\" data-settings=\"{&quot;background_background&quot;:&quot;classic&quot;}\">\n\t\t\t\t\t<div class=\"e-con-inner\">\n\t\t\t\t<div class=\"elementor-element elementor-element-edeb4a0 elementor-widget elementor-widget-heading\" data-id=\"edeb4a0\" data-element_type=\"widget\" data-e-type=\"widget\" data-widget_type=\"heading.default\">\n\t\t\t\t\t<h1 class=\"elementor-heading-title elementor-size-default\">Condiciones Generales de Venta<\/h1>\t\t\t\t<\/div>\n\t\t\t\t\t<\/div>\n\t\t\t\t<\/div>\n\t\t<div class=\"elementor-element elementor-element-a17fe9c e-flex e-con-boxed e-con e-parent\" data-id=\"a17fe9c\" data-element_type=\"container\" data-e-type=\"container\" data-settings=\"{&quot;background_background&quot;:&quot;classic&quot;}\">\n\t\t\t\t\t<div class=\"e-con-inner\">\n\t\t\t\t<div class=\"elementor-element elementor-element-3bb4a14 elementor-widget elementor-widget-heading\" data-id=\"3bb4a14\" data-element_type=\"widget\" data-e-type=\"widget\" data-widget_type=\"heading.default\">\n\t\t\t\t\t<h2 class=\"elementor-heading-title elementor-size-default\">Art\u00edculo 1 - Objeto<\/h2>\t\t\t\t<\/div>\n\t\t\t\t<div class=\"elementor-element elementor-element-663e66b elementor-widget elementor-widget-text-editor\" data-id=\"663e66b\" data-element_type=\"widget\" data-e-type=\"widget\" data-widget_type=\"text-editor.default\">\n\t\t\t\t\t\t\t\t\t<p>Las presentes condiciones generales de venta rigen las relaciones contractuales entre Maria Simona y sus clientes en el marco de la venta de turrones y productos gastron\u00f3micos espa\u00f1oles.<\/p>\t\t\t\t\t\t\t\t<\/div>\n\t\t\t\t<div class=\"elementor-element elementor-element-55c3827 elementor-widget elementor-widget-heading\" data-id=\"55c3827\" data-element_type=\"widget\" data-e-type=\"widget\" data-widget_type=\"heading.default\">\n\t\t\t\t\t<h2 class=\"elementor-heading-title elementor-size-default\">Art\u00edculo 2 - Precios<\/h2>\t\t\t\t<\/div>\n\t\t\t\t<div class=\"elementor-element elementor-element-98c4719 elementor-widget elementor-widget-text-editor\" data-id=\"98c4719\" data-element_type=\"widget\" data-e-type=\"widget\" data-widget_type=\"text-editor.default\">\n\t\t\t\t\t\t\t\t\t<p>Los precios de nuestros productos se indican en euros con todos los impuestos incluidos (IVA incluido). Maria Simona se reserva el derecho de modificar sus precios en cualquier momento, entendi\u00e9ndose que el precio que figura en el sitio el d\u00eda del pedido ser\u00e1 el \u00fanico aplicable al comprador. <\/p>\t\t\t\t\t\t\t\t<\/div>\n\t\t\t\t<div class=\"elementor-element elementor-element-1801757 elementor-widget elementor-widget-heading\" data-id=\"1801757\" data-element_type=\"widget\" data-e-type=\"widget\" data-widget_type=\"heading.default\">\n\t\t\t\t\t<h2 class=\"elementor-heading-title elementor-size-default\">Art\u00edculo 3 - Pedido<\/h2>\t\t\t\t<\/div>\n\t\t\t\t<div class=\"elementor-element elementor-element-fff2c81 elementor-widget elementor-widget-text-editor\" data-id=\"fff2c81\" data-element_type=\"widget\" data-e-type=\"widget\" data-widget_type=\"text-editor.default\">\n\t\t\t\t\t\t\t\t\t<p>Todo pedido realizado en el sitio mariasimona.com constituye la formaci\u00f3n de un contrato celebrado a distancia entre el cliente y Maria Simona. La validaci\u00f3n del pedido implica la aceptaci\u00f3n de las presentes condiciones generales de venta. <\/p>\t\t\t\t\t\t\t\t<\/div>\n\t\t\t\t<div class=\"elementor-element elementor-element-f698ca8 elementor-widget elementor-widget-heading\" data-id=\"f698ca8\" data-element_type=\"widget\" data-e-type=\"widget\" data-widget_type=\"heading.default\">\n\t\t\t\t\t<h2 class=\"elementor-heading-title elementor-size-default\">Art\u00edculo 4 - Pago<\/h2>\t\t\t\t<\/div>\n\t\t\t\t<div class=\"elementor-element elementor-element-acd4c8b elementor-widget elementor-widget-text-editor\" data-id=\"acd4c8b\" data-element_type=\"widget\" data-e-type=\"widget\" data-widget_type=\"text-editor.default\">\n\t\t\t\t\t\t\t\t\t<p>El pago se efect\u00faa con tarjeta bancaria a trav\u00e9s de nuestra plataforma segura. Todas las transacciones est\u00e1n cifradas y son seguras. Aceptamos tarjetas Visa, Mastercard y American Express.  <\/p>\t\t\t\t\t\t\t\t<\/div>\n\t\t\t\t<div class=\"elementor-element elementor-element-001a224 elementor-widget elementor-widget-heading\" data-id=\"001a224\" data-element_type=\"widget\" data-e-type=\"widget\" data-widget_type=\"heading.default\">\n\t\t\t\t\t<h2 class=\"elementor-heading-title elementor-size-default\">Art\u00edculo 5 - Entrega<\/h2>\t\t\t\t<\/div>\n\t\t\t\t<div class=\"elementor-element elementor-element-092507e elementor-widget elementor-widget-text-editor\" data-id=\"092507e\" data-element_type=\"widget\" data-e-type=\"widget\" data-widget_type=\"text-editor.default\">\n\t\t\t\t\t\t\t\t\t<p>Los productos se entregan en la direcci\u00f3n indicada por el cliente al realizar su pedido. Los plazos de entrega se dan a t\u00edtulo indicativo. En caso de retraso en la entrega, el cliente puede ponerse en contacto con nuestro servicio de atenci\u00f3n al cliente.  <\/p>\t\t\t\t\t\t\t\t<\/div>\n\t\t\t\t<div class=\"elementor-element elementor-element-b53fb0a elementor-widget elementor-widget-heading\" data-id=\"b53fb0a\" data-element_type=\"widget\" data-e-type=\"widget\" data-widget_type=\"heading.default\">\n\t\t\t\t\t<h2 class=\"elementor-heading-title elementor-size-default\">Art\u00edculo 6 - Derecho de desistimiento<\/h2>\t\t\t\t<\/div>\n\t\t\t\t<div class=\"elementor-element elementor-element-e18f931 elementor-widget elementor-widget-text-editor\" data-id=\"e18f931\" data-element_type=\"widget\" data-e-type=\"widget\" data-widget_type=\"text-editor.default\">\n\t\t\t\t\t\t\t\t\t<p>De conformidad con la legislaci\u00f3n vigente, el cliente dispone de un plazo de 14 d\u00edas a partir de la recepci\u00f3n de su pedido para ejercer su derecho de desistimiento, sin tener que justificar motivos ni pagar penalizaciones.<\/p>\t\t\t\t\t\t\t\t<\/div>\n\t\t\t\t<div class=\"elementor-element elementor-element-b6d5b5f elementor-widget elementor-widget-heading\" data-id=\"b6d5b5f\" data-element_type=\"widget\" data-e-type=\"widget\" data-widget_type=\"heading.default\">\n\t\t\t\t\t<h2 class=\"elementor-heading-title elementor-size-default\">Art\u00edculo 7 - Datos personales<\/h2>\t\t\t\t<\/div>\n\t\t\t\t<div class=\"elementor-element elementor-element-c565068 elementor-widget elementor-widget-text-editor\" data-id=\"c565068\" data-element_type=\"widget\" data-e-type=\"widget\" data-widget_type=\"text-editor.default\">\n\t\t\t\t\t\t\t\t\t<p>Maria Simona se compromete a proteger sus datos personales de conformidad con el RGPD. Su informaci\u00f3n nunca ser\u00e1 vendida ni compartida con terceros sin su consentimiento expl\u00edcito. <\/p>\t\t\t\t\t\t\t\t<\/div>\n\t\t<div class=\"elementor-element elementor-element-080f798 e-con-full e-flex e-con e-child\" data-id=\"080f798\" data-element_type=\"container\" data-e-type=\"container\" data-settings=\"{&quot;background_background&quot;:&quot;classic&quot;}\">\n\t\t\t\t<div class=\"elementor-element elementor-element-6d6ab6a elementor-widget elementor-widget-heading\" data-id=\"6d6ab6a\" data-element_type=\"widget\" data-e-type=\"widget\" data-widget_type=\"heading.default\">\n\t\t\t\t\t<span class=\"elementor-heading-title elementor-size-default\">Contacto<\/span>\t\t\t\t<\/div>\n\t\t\t\t<div class=\"elementor-element elementor-element-01f7e28 elementor-widget elementor-widget-text-editor\" data-id=\"01f7e28\" data-element_type=\"widget\" data-e-type=\"widget\" data-widget_type=\"text-editor.default\">\n\t\t\t\t\t\t\t\t\t<p>Para cualquier pregunta relacionada con estas condiciones generales de venta, p\u00f3ngase en contacto con nosotros:<br>Email: <a class=\"text-primary hover:underline\" href=\"mailto:contacto@mariasimona.com\">contacto@mariasimona.com<\/a><br>Tel\u00e9fono: +33 5 40 07 07 65<br>Direcci\u00f3n: 14 rue Burugoria, 64700 Hendaye, France<br>Siret Bayonne : 482415015<\/p>\t\t\t\t\t\t\t\t<\/div>\n\t\t\t\t<\/div>\n\t\t\t\t\t<\/div>\n\t\t\t\t<\/div>\n\t\t\t\t<\/div>\n\t\t","protected":false},"excerpt":{"rendered":"<p>Condiciones Generales de Venta Art\u00edculo 1 &#8211; Objeto Las presentes condiciones generales de venta rigen las relaciones contractuales entre Maria Simona y sus clientes en el marco de la venta de turrones y productos gastron\u00f3micos espa\u00f1oles. Art\u00edculo 2 &#8211; Precios Los precios de nuestros productos se indican en euros con todos los impuestos incluidos (IVA [&hellip;]<\/p>\n","protected":false},"author":2,"featured_media":0,"parent":0,"menu_order":0,"comment_status":"closed","ping_status":"closed","template":"","meta":{"footnotes":""},"class_list":["post-35568","page","type-page","status-publish","hentry"],"yoast_head":"<!-- This site is optimized with the Yoast SEO plugin v27.5 - https:\/\/yoast.com\/product\/yoast-seo-wordpress\/ -->\n<title>Condiciones generales - Maria Simona<\/title>\n<meta name=\"robots\" content=\"index, follow, max-snippet:-1, max-image-preview:large, max-video-preview:-1\" \/>\n<link rel=\"canonical\" href=\"https:\/\/mariasimona.com\/es\/condiciones-generales\/\" \/>\n<meta property=\"og:locale\" content=\"es_ES\" \/>\n<meta property=\"og:type\" content=\"article\" \/>\n<meta property=\"og:title\" content=\"Condiciones generales - Maria Simona\" \/>\n<meta property=\"og:description\" content=\"Condiciones Generales de Venta Art\u00edculo 1 &#8211; Objeto Las presentes condiciones generales de venta rigen las relaciones contractuales entre Maria Simona y sus clientes en el marco de la venta de turrones y productos gastron\u00f3micos espa\u00f1oles. Art\u00edculo 2 &#8211; Precios Los precios de nuestros productos se indican en euros con todos los impuestos incluidos (IVA [&hellip;]\" \/>\n<meta property=\"og:url\" content=\"https:\/\/mariasimona.com\/es\/condiciones-generales\/\" \/>\n<meta property=\"og:site_name\" content=\"Maria Simona\" \/>\n<meta property=\"article:modified_time\" content=\"2026-01-30T15:41:37+00:00\" \/>\n<meta name=\"twitter:card\" content=\"summary_large_image\" \/>\n<meta name=\"twitter:label1\" content=\"Tiempo de lectura\" \/>\n\t<meta name=\"twitter:data1\" content=\"2 minutos\" \/>\n<script type=\"application\/ld+json\" class=\"yoast-schema-graph\">{\"@context\":\"https:\\\/\\\/schema.org\",\"@graph\":[{\"@type\":\"WebPage\",\"@id\":\"https:\\\/\\\/mariasimona.com\\\/es\\\/condiciones-generales\\\/\",\"url\":\"https:\\\/\\\/mariasimona.com\\\/es\\\/condiciones-generales\\\/\",\"name\":\"Condiciones generales - Maria Simona\",\"isPartOf\":{\"@id\":\"https:\\\/\\\/mariasimona.com\\\/es\\\/#website\"},\"datePublished\":\"2026-01-21T20:09:06+00:00\",\"dateModified\":\"2026-01-30T15:41:37+00:00\",\"breadcrumb\":{\"@id\":\"https:\\\/\\\/mariasimona.com\\\/es\\\/condiciones-generales\\\/#breadcrumb\"},\"inLanguage\":\"es\",\"potentialAction\":[{\"@type\":\"ReadAction\",\"target\":[\"https:\\\/\\\/mariasimona.com\\\/es\\\/condiciones-generales\\\/\"]}]},{\"@type\":\"BreadcrumbList\",\"@id\":\"https:\\\/\\\/mariasimona.com\\\/es\\\/condiciones-generales\\\/#breadcrumb\",\"itemListElement\":[{\"@type\":\"ListItem\",\"position\":1,\"name\":\"Inicio\",\"item\":\"https:\\\/\\\/mariasimona.com\\\/es\\\/inicio\\\/\"},{\"@type\":\"ListItem\",\"position\":2,\"name\":\"Condiciones generales\"}]},{\"@type\":\"WebSite\",\"@id\":\"https:\\\/\\\/mariasimona.com\\\/es\\\/#website\",\"url\":\"https:\\\/\\\/mariasimona.com\\\/es\\\/\",\"name\":\"Maria Simona\",\"description\":\"Maria Simona\",\"publisher\":{\"@id\":\"https:\\\/\\\/mariasimona.com\\\/es\\\/#organization\"},\"potentialAction\":[{\"@type\":\"SearchAction\",\"target\":{\"@type\":\"EntryPoint\",\"urlTemplate\":\"https:\\\/\\\/mariasimona.com\\\/es\\\/?s={search_term_string}\"},\"query-input\":{\"@type\":\"PropertyValueSpecification\",\"valueRequired\":true,\"valueName\":\"search_term_string\"}}],\"inLanguage\":\"es\"},{\"@type\":\"Organization\",\"@id\":\"https:\\\/\\\/mariasimona.com\\\/es\\\/#organization\",\"name\":\"Maria Simona\",\"url\":\"https:\\\/\\\/mariasimona.com\\\/es\\\/\",\"logo\":{\"@type\":\"ImageObject\",\"inLanguage\":\"es\",\"@id\":\"https:\\\/\\\/mariasimona.com\\\/es\\\/#\\\/schema\\\/logo\\\/image\\\/\",\"url\":\"https:\\\/\\\/mariasimona.com\\\/wp-content\\\/uploads\\\/2026\\\/01\\\/cropped-cropped-cropped-Logo-Maria-Simona.png\",\"contentUrl\":\"https:\\\/\\\/mariasimona.com\\\/wp-content\\\/uploads\\\/2026\\\/01\\\/cropped-cropped-cropped-Logo-Maria-Simona.png\",\"width\":718,\"height\":529,\"caption\":\"Maria Simona\"},\"image\":{\"@id\":\"https:\\\/\\\/mariasimona.com\\\/es\\\/#\\\/schema\\\/logo\\\/image\\\/\"}}]}<\/script>\n<!-- \/ Yoast SEO plugin. -->","yoast_head_json":{"title":"Condiciones generales - Maria Simona","robots":{"index":"index","follow":"follow","max-snippet":"max-snippet:-1","max-image-preview":"max-image-preview:large","max-video-preview":"max-video-preview:-1"},"canonical":"https:\/\/mariasimona.com\/es\/condiciones-generales\/","og_locale":"es_ES","og_type":"article","og_title":"Condiciones generales - Maria Simona","og_description":"Condiciones Generales de Venta Art\u00edculo 1 &#8211; Objeto Las presentes condiciones generales de venta rigen las relaciones contractuales entre Maria Simona y sus clientes en el marco de la venta de turrones y productos gastron\u00f3micos espa\u00f1oles. Art\u00edculo 2 &#8211; Precios Los precios de nuestros productos se indican en euros con todos los impuestos incluidos (IVA [&hellip;]","og_url":"https:\/\/mariasimona.com\/es\/condiciones-generales\/","og_site_name":"Maria Simona","article_modified_time":"2026-01-30T15:41:37+00:00","twitter_card":"summary_large_image","twitter_misc":{"Tiempo de lectura":"2 minutos"},"schema":{"@context":"https:\/\/schema.org","@graph":[{"@type":"WebPage","@id":"https:\/\/mariasimona.com\/es\/condiciones-generales\/","url":"https:\/\/mariasimona.com\/es\/condiciones-generales\/","name":"Condiciones generales - Maria Simona","isPartOf":{"@id":"https:\/\/mariasimona.com\/es\/#website"},"datePublished":"2026-01-21T20:09:06+00:00","dateModified":"2026-01-30T15:41:37+00:00","breadcrumb":{"@id":"https:\/\/mariasimona.com\/es\/condiciones-generales\/#breadcrumb"},"inLanguage":"es","potentialAction":[{"@type":"ReadAction","target":["https:\/\/mariasimona.com\/es\/condiciones-generales\/"]}]},{"@type":"BreadcrumbList","@id":"https:\/\/mariasimona.com\/es\/condiciones-generales\/#breadcrumb","itemListElement":[{"@type":"ListItem","position":1,"name":"Inicio","item":"https:\/\/mariasimona.com\/es\/inicio\/"},{"@type":"ListItem","position":2,"name":"Condiciones generales"}]},{"@type":"WebSite","@id":"https:\/\/mariasimona.com\/es\/#website","url":"https:\/\/mariasimona.com\/es\/","name":"Maria Simona","description":"Maria Simona","publisher":{"@id":"https:\/\/mariasimona.com\/es\/#organization"},"potentialAction":[{"@type":"SearchAction","target":{"@type":"EntryPoint","urlTemplate":"https:\/\/mariasimona.com\/es\/?s={search_term_string}"},"query-input":{"@type":"PropertyValueSpecification","valueRequired":true,"valueName":"search_term_string"}}],"inLanguage":"es"},{"@type":"Organization","@id":"https:\/\/mariasimona.com\/es\/#organization","name":"Maria Simona","url":"https:\/\/mariasimona.com\/es\/","logo":{"@type":"ImageObject","inLanguage":"es","@id":"https:\/\/mariasimona.com\/es\/#\/schema\/logo\/image\/","url":"https:\/\/mariasimona.com\/wp-content\/uploads\/2026\/01\/cropped-cropped-cropped-Logo-Maria-Simona.png","contentUrl":"https:\/\/mariasimona.com\/wp-content\/uploads\/2026\/01\/cropped-cropped-cropped-Logo-Maria-Simona.png","width":718,"height":529,"caption":"Maria Simona"},"image":{"@id":"https:\/\/mariasimona.com\/es\/#\/schema\/logo\/image\/"}}]}},"_links":{"self":[{"href":"https:\/\/mariasimona.com\/es\/wp-json\/wp\/v2\/pages\/35568","targetHints":{"allow":["GET"]}}],"collection":[{"href":"https:\/\/mariasimona.com\/es\/wp-json\/wp\/v2\/pages"}],"about":[{"href":"https:\/\/mariasimona.com\/es\/wp-json\/wp\/v2\/types\/page"}],"author":[{"embeddable":true,"href":"https:\/\/mariasimona.com\/es\/wp-json\/wp\/v2\/users\/2"}],"replies":[{"embeddable":true,"href":"https:\/\/mariasimona.com\/es\/wp-json\/wp\/v2\/comments?post=35568"}],"version-history":[{"count":1,"href":"https:\/\/mariasimona.com\/es\/wp-json\/wp\/v2\/pages\/35568\/revisions"}],"predecessor-version":[{"id":35569,"href":"https:\/\/mariasimona.com\/es\/wp-json\/wp\/v2\/pages\/35568\/revisions\/35569"}],"wp:attachment":[{"href":"https:\/\/mariasimona.com\/es\/wp-json\/wp\/v2\/media?parent=35568"}],"curies":[{"name":"wp","href":"https:\/\/api.w.org\/{rel}","templated":true}]}}