{"id":35708,"date":"2026-01-26T13:26:03","date_gmt":"2026-01-26T12:26:03","guid":{"rendered":"https:\/\/mariasimona.com\/produit\/caja-personalizada\/"},"modified":"2026-02-19T10:30:55","modified_gmt":"2026-02-19T09:30:55","slug":"caja-personalizada","status":"publish","type":"product","link":"https:\/\/mariasimona.com\/es\/produit\/caja-personalizada\/","title":{"rendered":"Caja personalizada"},"content":{"rendered":"","protected":false},"excerpt":{"rendered":"","protected":false},"featured_media":1707,"comment_status":"open","ping_status":"closed","template":"","meta":[],"product_brand":[],"product_cat":[202],"product_tag":[],"class_list":{"0":"post-35708","1":"product","2":"type-product","3":"status-publish","4":"has-post-thumbnail","6":"product_cat-precio","8":"first","9":"instock","10":"shipping-taxable","11":"product-type-simple"},"yoast_head":"<!-- This site is optimized with the Yoast SEO plugin v27.5 - https:\/\/yoast.com\/product\/yoast-seo-wordpress\/ -->\n<title>Estuche de turrones espa\u00f1oles personalizable | Maria Simona<\/title>\n<meta name=\"description\" content=\"Componga su estuche de turrones espa\u00f1oles artesanales. Cl\u00e1sicos o sin az\u00facares a\u00f1adidos. Oferta especial: 6 comprados, 1 de regalo.\" \/>\n<meta name=\"robots\" content=\"index, follow, max-snippet:-1, max-image-preview:large, max-video-preview:-1\" \/>\n<link rel=\"canonical\" href=\"https:\/\/mariasimona.com\/es\/produit\/caja-personalizada\/\" \/>\n<meta property=\"og:locale\" content=\"es_ES\" \/>\n<meta property=\"og:type\" content=\"article\" \/>\n<meta property=\"og:title\" content=\"Estuche de turrones espa\u00f1oles personalizable | Maria Simona\" \/>\n<meta property=\"og:description\" content=\"Componga su estuche de turrones espa\u00f1oles artesanales. Cl\u00e1sicos o sin az\u00facares a\u00f1adidos. Oferta especial: 6 comprados, 1 de regalo.\" \/>\n<meta property=\"og:url\" content=\"https:\/\/mariasimona.com\/es\/produit\/caja-personalizada\/\" \/>\n<meta property=\"og:site_name\" content=\"Maria Simona\" \/>\n<meta property=\"article:modified_time\" content=\"2026-02-19T09:30:55+00:00\" \/>\n<meta property=\"og:image\" content=\"https:\/\/mariasimona.com\/wp-content\/uploads\/2026\/01\/turron-coffret-NW7qwHqu.webp\" \/>\n\t<meta property=\"og:image:width\" content=\"640\" \/>\n\t<meta property=\"og:image:height\" content=\"640\" \/>\n\t<meta property=\"og:image:type\" content=\"image\/webp\" \/>\n<meta name=\"twitter:card\" content=\"summary_large_image\" \/>\n<script type=\"application\/ld+json\" class=\"yoast-schema-graph\">{\"@context\":\"https:\\\/\\\/schema.org\",\"@graph\":[{\"@type\":\"WebPage\",\"@id\":\"https:\\\/\\\/mariasimona.com\\\/es\\\/produit\\\/caja-personalizada\\\/\",\"url\":\"https:\\\/\\\/mariasimona.com\\\/es\\\/produit\\\/caja-personalizada\\\/\",\"name\":\"Estuche de turrones espa\u00f1oles personalizable | Maria Simona\",\"isPartOf\":{\"@id\":\"https:\\\/\\\/mariasimona.com\\\/es\\\/#website\"},\"primaryImageOfPage\":{\"@id\":\"https:\\\/\\\/mariasimona.com\\\/es\\\/produit\\\/caja-personalizada\\\/#primaryimage\"},\"image\":{\"@id\":\"https:\\\/\\\/mariasimona.com\\\/es\\\/produit\\\/caja-personalizada\\\/#primaryimage\"},\"thumbnailUrl\":\"https:\\\/\\\/mariasimona.com\\\/wp-content\\\/uploads\\\/2026\\\/01\\\/turron-coffret-NW7qwHqu.webp\",\"datePublished\":\"2026-01-26T12:26:03+00:00\",\"dateModified\":\"2026-02-19T09:30:55+00:00\",\"description\":\"Componga su estuche de turrones espa\u00f1oles artesanales. Cl\u00e1sicos o sin az\u00facares a\u00f1adidos. Oferta especial: 6 comprados, 1 de regalo.\",\"breadcrumb\":{\"@id\":\"https:\\\/\\\/mariasimona.com\\\/es\\\/produit\\\/caja-personalizada\\\/#breadcrumb\"},\"inLanguage\":\"es\",\"potentialAction\":[{\"@type\":\"ReadAction\",\"target\":[\"https:\\\/\\\/mariasimona.com\\\/es\\\/produit\\\/caja-personalizada\\\/\"]}]},{\"@type\":\"ImageObject\",\"inLanguage\":\"es\",\"@id\":\"https:\\\/\\\/mariasimona.com\\\/es\\\/produit\\\/caja-personalizada\\\/#primaryimage\",\"url\":\"https:\\\/\\\/mariasimona.com\\\/wp-content\\\/uploads\\\/2026\\\/01\\\/turron-coffret-NW7qwHqu.webp\",\"contentUrl\":\"https:\\\/\\\/mariasimona.com\\\/wp-content\\\/uploads\\\/2026\\\/01\\\/turron-coffret-NW7qwHqu.webp\",\"width\":640,\"height\":640},{\"@type\":\"BreadcrumbList\",\"@id\":\"https:\\\/\\\/mariasimona.com\\\/es\\\/produit\\\/caja-personalizada\\\/#breadcrumb\",\"itemListElement\":[{\"@type\":\"ListItem\",\"position\":1,\"name\":\"Inicio\",\"item\":\"https:\\\/\\\/mariasimona.com\\\/es\\\/inicio\\\/\"},{\"@type\":\"ListItem\",\"position\":2,\"name\":\"Tienda\",\"item\":\"https:\\\/\\\/mariasimona.com\\\/es\\\/tienda\\\/\"},{\"@type\":\"ListItem\",\"position\":3,\"name\":\"Caja personalizada\"}]},{\"@type\":\"WebSite\",\"@id\":\"https:\\\/\\\/mariasimona.com\\\/es\\\/#website\",\"url\":\"https:\\\/\\\/mariasimona.com\\\/es\\\/\",\"name\":\"Maria Simona\",\"description\":\"Maria Simona\",\"publisher\":{\"@id\":\"https:\\\/\\\/mariasimona.com\\\/es\\\/#organization\"},\"potentialAction\":[{\"@type\":\"SearchAction\",\"target\":{\"@type\":\"EntryPoint\",\"urlTemplate\":\"https:\\\/\\\/mariasimona.com\\\/es\\\/?s={search_term_string}\"},\"query-input\":{\"@type\":\"PropertyValueSpecification\",\"valueRequired\":true,\"valueName\":\"search_term_string\"}}],\"inLanguage\":\"es\"},{\"@type\":\"Organization\",\"@id\":\"https:\\\/\\\/mariasimona.com\\\/es\\\/#organization\",\"name\":\"Maria Simona\",\"url\":\"https:\\\/\\\/mariasimona.com\\\/es\\\/\",\"logo\":{\"@type\":\"ImageObject\",\"inLanguage\":\"es\",\"@id\":\"https:\\\/\\\/mariasimona.com\\\/es\\\/#\\\/schema\\\/logo\\\/image\\\/\",\"url\":\"https:\\\/\\\/mariasimona.com\\\/wp-content\\\/uploads\\\/2026\\\/01\\\/cropped-cropped-cropped-Logo-Maria-Simona.png\",\"contentUrl\":\"https:\\\/\\\/mariasimona.com\\\/wp-content\\\/uploads\\\/2026\\\/01\\\/cropped-cropped-cropped-Logo-Maria-Simona.png\",\"width\":718,\"height\":529,\"caption\":\"Maria Simona\"},\"image\":{\"@id\":\"https:\\\/\\\/mariasimona.com\\\/es\\\/#\\\/schema\\\/logo\\\/image\\\/\"}}]}<\/script>\n<!-- \/ Yoast SEO plugin. -->","yoast_head_json":{"title":"Estuche de turrones espa\u00f1oles personalizable | Maria Simona","description":"Componga su estuche de turrones espa\u00f1oles artesanales. Cl\u00e1sicos o sin az\u00facares a\u00f1adidos. Oferta especial: 6 comprados, 1 de regalo.","robots":{"index":"index","follow":"follow","max-snippet":"max-snippet:-1","max-image-preview":"max-image-preview:large","max-video-preview":"max-video-preview:-1"},"canonical":"https:\/\/mariasimona.com\/es\/produit\/caja-personalizada\/","og_locale":"es_ES","og_type":"article","og_title":"Estuche de turrones espa\u00f1oles personalizable | Maria Simona","og_description":"Componga su estuche de turrones espa\u00f1oles artesanales. Cl\u00e1sicos o sin az\u00facares a\u00f1adidos. Oferta especial: 6 comprados, 1 de regalo.","og_url":"https:\/\/mariasimona.com\/es\/produit\/caja-personalizada\/","og_site_name":"Maria Simona","article_modified_time":"2026-02-19T09:30:55+00:00","og_image":[{"width":640,"height":640,"url":"https:\/\/mariasimona.com\/wp-content\/uploads\/2026\/01\/turron-coffret-NW7qwHqu.webp","type":"image\/webp"}],"twitter_card":"summary_large_image","schema":{"@context":"https:\/\/schema.org","@graph":[{"@type":"WebPage","@id":"https:\/\/mariasimona.com\/es\/produit\/caja-personalizada\/","url":"https:\/\/mariasimona.com\/es\/produit\/caja-personalizada\/","name":"Estuche de turrones espa\u00f1oles personalizable | Maria Simona","isPartOf":{"@id":"https:\/\/mariasimona.com\/es\/#website"},"primaryImageOfPage":{"@id":"https:\/\/mariasimona.com\/es\/produit\/caja-personalizada\/#primaryimage"},"image":{"@id":"https:\/\/mariasimona.com\/es\/produit\/caja-personalizada\/#primaryimage"},"thumbnailUrl":"https:\/\/mariasimona.com\/wp-content\/uploads\/2026\/01\/turron-coffret-NW7qwHqu.webp","datePublished":"2026-01-26T12:26:03+00:00","dateModified":"2026-02-19T09:30:55+00:00","description":"Componga su estuche de turrones espa\u00f1oles artesanales. Cl\u00e1sicos o sin az\u00facares a\u00f1adidos. Oferta especial: 6 comprados, 1 de regalo.","breadcrumb":{"@id":"https:\/\/mariasimona.com\/es\/produit\/caja-personalizada\/#breadcrumb"},"inLanguage":"es","potentialAction":[{"@type":"ReadAction","target":["https:\/\/mariasimona.com\/es\/produit\/caja-personalizada\/"]}]},{"@type":"ImageObject","inLanguage":"es","@id":"https:\/\/mariasimona.com\/es\/produit\/caja-personalizada\/#primaryimage","url":"https:\/\/mariasimona.com\/wp-content\/uploads\/2026\/01\/turron-coffret-NW7qwHqu.webp","contentUrl":"https:\/\/mariasimona.com\/wp-content\/uploads\/2026\/01\/turron-coffret-NW7qwHqu.webp","width":640,"height":640},{"@type":"BreadcrumbList","@id":"https:\/\/mariasimona.com\/es\/produit\/caja-personalizada\/#breadcrumb","itemListElement":[{"@type":"ListItem","position":1,"name":"Inicio","item":"https:\/\/mariasimona.com\/es\/inicio\/"},{"@type":"ListItem","position":2,"name":"Tienda","item":"https:\/\/mariasimona.com\/es\/tienda\/"},{"@type":"ListItem","position":3,"name":"Caja personalizada"}]},{"@type":"WebSite","@id":"https:\/\/mariasimona.com\/es\/#website","url":"https:\/\/mariasimona.com\/es\/","name":"Maria Simona","description":"Maria Simona","publisher":{"@id":"https:\/\/mariasimona.com\/es\/#organization"},"potentialAction":[{"@type":"SearchAction","target":{"@type":"EntryPoint","urlTemplate":"https:\/\/mariasimona.com\/es\/?s={search_term_string}"},"query-input":{"@type":"PropertyValueSpecification","valueRequired":true,"valueName":"search_term_string"}}],"inLanguage":"es"},{"@type":"Organization","@id":"https:\/\/mariasimona.com\/es\/#organization","name":"Maria Simona","url":"https:\/\/mariasimona.com\/es\/","logo":{"@type":"ImageObject","inLanguage":"es","@id":"https:\/\/mariasimona.com\/es\/#\/schema\/logo\/image\/","url":"https:\/\/mariasimona.com\/wp-content\/uploads\/2026\/01\/cropped-cropped-cropped-Logo-Maria-Simona.png","contentUrl":"https:\/\/mariasimona.com\/wp-content\/uploads\/2026\/01\/cropped-cropped-cropped-Logo-Maria-Simona.png","width":718,"height":529,"caption":"Maria Simona"},"image":{"@id":"https:\/\/mariasimona.com\/es\/#\/schema\/logo\/image\/"}}]}},"_links":{"self":[{"href":"https:\/\/mariasimona.com\/es\/wp-json\/wp\/v2\/product\/35708","targetHints":{"allow":["GET"]}}],"collection":[{"href":"https:\/\/mariasimona.com\/es\/wp-json\/wp\/v2\/product"}],"about":[{"href":"https:\/\/mariasimona.com\/es\/wp-json\/wp\/v2\/types\/product"}],"replies":[{"embeddable":true,"href":"https:\/\/mariasimona.com\/es\/wp-json\/wp\/v2\/comments?post=35708"}],"version-history":[{"count":1,"href":"https:\/\/mariasimona.com\/es\/wp-json\/wp\/v2\/product\/35708\/revisions"}],"predecessor-version":[{"id":38446,"href":"https:\/\/mariasimona.com\/es\/wp-json\/wp\/v2\/product\/35708\/revisions\/38446"}],"wp:featuredmedia":[{"embeddable":true,"href":"https:\/\/mariasimona.com\/es\/wp-json\/wp\/v2\/media\/1707"}],"wp:attachment":[{"href":"https:\/\/mariasimona.com\/es\/wp-json\/wp\/v2\/media?parent=35708"}],"wp:term":[{"taxonomy":"product_brand","embeddable":true,"href":"https:\/\/mariasimona.com\/es\/wp-json\/wp\/v2\/product_brand?post=35708"},{"taxonomy":"product_cat","embeddable":true,"href":"https:\/\/mariasimona.com\/es\/wp-json\/wp\/v2\/product_cat?post=35708"},{"taxonomy":"product_tag","embeddable":true,"href":"https:\/\/mariasimona.com\/es\/wp-json\/wp\/v2\/product_tag?post=35708"}],"curies":[{"name":"wp","href":"https:\/\/api.w.org\/{rel}","templated":true}]}}