{"id":1873,"date":"2026-01-21T10:25:56","date_gmt":"2026-01-21T09:25:56","guid":{"rendered":"https:\/\/mariasimona.com\/carrello\/"},"modified":"2026-01-29T16:14:07","modified_gmt":"2026-01-29T15:14:07","slug":"carrello","status":"publish","type":"page","link":"https:\/\/mariasimona.com\/it\/carrello\/","title":{"rendered":"Carrello"},"content":{"rendered":"\t\t<div data-elementor-type=\"wp-page\" data-elementor-id=\"1873\" class=\"elementor elementor-1873 elementor-22\" data-elementor-post-type=\"page\">\n\t\t\t\t<div class=\"elementor-element elementor-element-0e17713 e-flex e-con-boxed e-con e-parent\" data-id=\"0e17713\" data-element_type=\"container\" data-e-type=\"container\" data-settings=\"{&quot;background_background&quot;:&quot;classic&quot;}\">\n\t\t\t\t\t<div class=\"e-con-inner\">\n\t\t\t\t<div class=\"elementor-element elementor-element-33af3e1 elementor-widget elementor-widget-heading\" data-id=\"33af3e1\" data-element_type=\"widget\" data-e-type=\"widget\" data-widget_type=\"heading.default\">\n\t\t\t\t\t<h1 class=\"elementor-heading-title elementor-size-default\">Carrello<\/h1>\t\t\t\t<\/div>\n\t\t\t\t\t<\/div>\n\t\t\t\t<\/div>\n\t\t<div class=\"elementor-element elementor-element-5348d26 e-flex e-con-boxed e-con e-parent\" data-id=\"5348d26\" data-element_type=\"container\" data-e-type=\"container\" data-settings=\"{&quot;background_background&quot;:&quot;classic&quot;}\">\n\t\t\t\t\t<div class=\"e-con-inner\">\n\t\t\t\t\t<\/div>\n\t\t\t\t<\/div>\n\t\t\t\t<\/div>\n\t\t","protected":false},"excerpt":{"rendered":"<p>Complete your order and earn 3\u00a0990 Points for a discount on a future purchase Supprimer l\u2019\u00e9l\u00e9ment Miniature Produit Prix Quantit\u00e9 Sous-total &times; Pack Turron Jijona 39,90&nbsp;&euro; quantit\u00e9 de Pack Turron Jijona 39,90&nbsp;&euro; Mettre \u00e0 jour le panier Appliquer le coupon Totaux du panier Sous-total 39,90&nbsp;&euro; Exp\u00e9dition Point relais: 4,99&nbsp;&euro; Classique: 7,99&nbsp;&euro; Express: 19,99&nbsp;&euro; Les options [&hellip;]<\/p>\n","protected":false},"author":2,"featured_media":0,"parent":0,"menu_order":0,"comment_status":"closed","ping_status":"closed","template":"","meta":{"footnotes":""},"class_list":["post-1873","page","type-page","status-publish","hentry"],"yoast_head":"<!-- This site is optimized with the Yoast SEO plugin v27.5 - https:\/\/yoast.com\/product\/yoast-seo-wordpress\/ -->\n<title>Carrello - Maria Simona<\/title>\n<meta name=\"robots\" content=\"index, follow, max-snippet:-1, max-image-preview:large, max-video-preview:-1\" \/>\n<link rel=\"canonical\" href=\"https:\/\/mariasimona.com\/it\/carrello\/\" \/>\n<meta property=\"og:locale\" content=\"it_IT\" \/>\n<meta property=\"og:type\" content=\"article\" \/>\n<meta property=\"og:title\" content=\"Carrello - Maria Simona\" \/>\n<meta property=\"og:description\" content=\"Complete your order and earn 3\u00a0990 Points for a discount on a future purchase Supprimer l\u2019\u00e9l\u00e9ment Miniature Produit Prix Quantit\u00e9 Sous-total &times; Pack Turron Jijona 39,90&nbsp;&euro; quantit\u00e9 de Pack Turron Jijona 39,90&nbsp;&euro; Mettre \u00e0 jour le panier Appliquer le coupon Totaux du panier Sous-total 39,90&nbsp;&euro; Exp\u00e9dition Point relais: 4,99&nbsp;&euro; Classique: 7,99&nbsp;&euro; Express: 19,99&nbsp;&euro; Les options [&hellip;]\" \/>\n<meta property=\"og:url\" content=\"https:\/\/mariasimona.com\/it\/carrello\/\" \/>\n<meta property=\"og:site_name\" content=\"Maria Simona\" \/>\n<meta property=\"article:modified_time\" content=\"2026-01-29T15:14:07+00:00\" \/>\n<meta property=\"og:image\" content=\"https:\/\/mariasimona.com\/wp-content\/uploads\/2026\/01\/Pack-de-6-Jijona-eventail-300x300.webp\" \/>\n<meta name=\"twitter:card\" content=\"summary_large_image\" \/>\n<meta name=\"twitter:label1\" content=\"Tempo di lettura stimato\" \/>\n\t<meta name=\"twitter:data1\" content=\"1 minuto\" \/>\n<script type=\"application\/ld+json\" class=\"yoast-schema-graph\">{\"@context\":\"https:\\\/\\\/schema.org\",\"@graph\":[{\"@type\":\"WebPage\",\"@id\":\"https:\\\/\\\/mariasimona.com\\\/it\\\/carrello\\\/\",\"url\":\"https:\\\/\\\/mariasimona.com\\\/it\\\/carrello\\\/\",\"name\":\"Carrello - Maria Simona\",\"isPartOf\":{\"@id\":\"https:\\\/\\\/mariasimona.com\\\/it\\\/#website\"},\"primaryImageOfPage\":{\"@id\":\"https:\\\/\\\/mariasimona.com\\\/it\\\/carrello\\\/#primaryimage\"},\"image\":{\"@id\":\"https:\\\/\\\/mariasimona.com\\\/it\\\/carrello\\\/#primaryimage\"},\"thumbnailUrl\":\"https:\\\/\\\/mariasimona.com\\\/wp-content\\\/uploads\\\/2026\\\/01\\\/Pack-de-6-Jijona-eventail-300x300.webp\",\"datePublished\":\"2026-01-21T09:25:56+00:00\",\"dateModified\":\"2026-01-29T15:14:07+00:00\",\"breadcrumb\":{\"@id\":\"https:\\\/\\\/mariasimona.com\\\/it\\\/carrello\\\/#breadcrumb\"},\"inLanguage\":\"it-IT\",\"potentialAction\":[{\"@type\":\"ReadAction\",\"target\":[\"https:\\\/\\\/mariasimona.com\\\/it\\\/carrello\\\/\"]}]},{\"@type\":\"ImageObject\",\"inLanguage\":\"it-IT\",\"@id\":\"https:\\\/\\\/mariasimona.com\\\/it\\\/carrello\\\/#primaryimage\",\"url\":\"https:\\\/\\\/mariasimona.com\\\/wp-content\\\/uploads\\\/2026\\\/01\\\/Pack-de-6-Jijona-eventail-300x300.webp\",\"contentUrl\":\"https:\\\/\\\/mariasimona.com\\\/wp-content\\\/uploads\\\/2026\\\/01\\\/Pack-de-6-Jijona-eventail-300x300.webp\"},{\"@type\":\"BreadcrumbList\",\"@id\":\"https:\\\/\\\/mariasimona.com\\\/it\\\/carrello\\\/#breadcrumb\",\"itemListElement\":[{\"@type\":\"ListItem\",\"position\":1,\"name\":\"Home\",\"item\":\"https:\\\/\\\/mariasimona.com\\\/it\\\/home\\\/\"},{\"@type\":\"ListItem\",\"position\":2,\"name\":\"Carrello\"}]},{\"@type\":\"WebSite\",\"@id\":\"https:\\\/\\\/mariasimona.com\\\/it\\\/#website\",\"url\":\"https:\\\/\\\/mariasimona.com\\\/it\\\/\",\"name\":\"Maria Simona\",\"description\":\"Maria Simona\",\"publisher\":{\"@id\":\"https:\\\/\\\/mariasimona.com\\\/it\\\/#organization\"},\"potentialAction\":[{\"@type\":\"SearchAction\",\"target\":{\"@type\":\"EntryPoint\",\"urlTemplate\":\"https:\\\/\\\/mariasimona.com\\\/it\\\/?s={search_term_string}\"},\"query-input\":{\"@type\":\"PropertyValueSpecification\",\"valueRequired\":true,\"valueName\":\"search_term_string\"}}],\"inLanguage\":\"it-IT\"},{\"@type\":\"Organization\",\"@id\":\"https:\\\/\\\/mariasimona.com\\\/it\\\/#organization\",\"name\":\"Maria Simona\",\"url\":\"https:\\\/\\\/mariasimona.com\\\/it\\\/\",\"logo\":{\"@type\":\"ImageObject\",\"inLanguage\":\"it-IT\",\"@id\":\"https:\\\/\\\/mariasimona.com\\\/it\\\/#\\\/schema\\\/logo\\\/image\\\/\",\"url\":\"https:\\\/\\\/mariasimona.com\\\/wp-content\\\/uploads\\\/2026\\\/01\\\/cropped-cropped-cropped-Logo-Maria-Simona.png\",\"contentUrl\":\"https:\\\/\\\/mariasimona.com\\\/wp-content\\\/uploads\\\/2026\\\/01\\\/cropped-cropped-cropped-Logo-Maria-Simona.png\",\"width\":718,\"height\":529,\"caption\":\"Maria Simona\"},\"image\":{\"@id\":\"https:\\\/\\\/mariasimona.com\\\/it\\\/#\\\/schema\\\/logo\\\/image\\\/\"}}]}<\/script>\n<!-- \/ Yoast SEO plugin. -->","yoast_head_json":{"title":"Carrello - Maria Simona","robots":{"index":"index","follow":"follow","max-snippet":"max-snippet:-1","max-image-preview":"max-image-preview:large","max-video-preview":"max-video-preview:-1"},"canonical":"https:\/\/mariasimona.com\/it\/carrello\/","og_locale":"it_IT","og_type":"article","og_title":"Carrello - Maria Simona","og_description":"Complete your order and earn 3\u00a0990 Points for a discount on a future purchase Supprimer l\u2019\u00e9l\u00e9ment Miniature Produit Prix Quantit\u00e9 Sous-total &times; Pack Turron Jijona 39,90&nbsp;&euro; quantit\u00e9 de Pack Turron Jijona 39,90&nbsp;&euro; Mettre \u00e0 jour le panier Appliquer le coupon Totaux du panier Sous-total 39,90&nbsp;&euro; Exp\u00e9dition Point relais: 4,99&nbsp;&euro; Classique: 7,99&nbsp;&euro; Express: 19,99&nbsp;&euro; Les options [&hellip;]","og_url":"https:\/\/mariasimona.com\/it\/carrello\/","og_site_name":"Maria Simona","article_modified_time":"2026-01-29T15:14:07+00:00","og_image":[{"url":"https:\/\/mariasimona.com\/wp-content\/uploads\/2026\/01\/Pack-de-6-Jijona-eventail-300x300.webp","type":"","width":"","height":""}],"twitter_card":"summary_large_image","twitter_misc":{"Tempo di lettura stimato":"1 minuto"},"schema":{"@context":"https:\/\/schema.org","@graph":[{"@type":"WebPage","@id":"https:\/\/mariasimona.com\/it\/carrello\/","url":"https:\/\/mariasimona.com\/it\/carrello\/","name":"Carrello - Maria Simona","isPartOf":{"@id":"https:\/\/mariasimona.com\/it\/#website"},"primaryImageOfPage":{"@id":"https:\/\/mariasimona.com\/it\/carrello\/#primaryimage"},"image":{"@id":"https:\/\/mariasimona.com\/it\/carrello\/#primaryimage"},"thumbnailUrl":"https:\/\/mariasimona.com\/wp-content\/uploads\/2026\/01\/Pack-de-6-Jijona-eventail-300x300.webp","datePublished":"2026-01-21T09:25:56+00:00","dateModified":"2026-01-29T15:14:07+00:00","breadcrumb":{"@id":"https:\/\/mariasimona.com\/it\/carrello\/#breadcrumb"},"inLanguage":"it-IT","potentialAction":[{"@type":"ReadAction","target":["https:\/\/mariasimona.com\/it\/carrello\/"]}]},{"@type":"ImageObject","inLanguage":"it-IT","@id":"https:\/\/mariasimona.com\/it\/carrello\/#primaryimage","url":"https:\/\/mariasimona.com\/wp-content\/uploads\/2026\/01\/Pack-de-6-Jijona-eventail-300x300.webp","contentUrl":"https:\/\/mariasimona.com\/wp-content\/uploads\/2026\/01\/Pack-de-6-Jijona-eventail-300x300.webp"},{"@type":"BreadcrumbList","@id":"https:\/\/mariasimona.com\/it\/carrello\/#breadcrumb","itemListElement":[{"@type":"ListItem","position":1,"name":"Home","item":"https:\/\/mariasimona.com\/it\/home\/"},{"@type":"ListItem","position":2,"name":"Carrello"}]},{"@type":"WebSite","@id":"https:\/\/mariasimona.com\/it\/#website","url":"https:\/\/mariasimona.com\/it\/","name":"Maria Simona","description":"Maria Simona","publisher":{"@id":"https:\/\/mariasimona.com\/it\/#organization"},"potentialAction":[{"@type":"SearchAction","target":{"@type":"EntryPoint","urlTemplate":"https:\/\/mariasimona.com\/it\/?s={search_term_string}"},"query-input":{"@type":"PropertyValueSpecification","valueRequired":true,"valueName":"search_term_string"}}],"inLanguage":"it-IT"},{"@type":"Organization","@id":"https:\/\/mariasimona.com\/it\/#organization","name":"Maria Simona","url":"https:\/\/mariasimona.com\/it\/","logo":{"@type":"ImageObject","inLanguage":"it-IT","@id":"https:\/\/mariasimona.com\/it\/#\/schema\/logo\/image\/","url":"https:\/\/mariasimona.com\/wp-content\/uploads\/2026\/01\/cropped-cropped-cropped-Logo-Maria-Simona.png","contentUrl":"https:\/\/mariasimona.com\/wp-content\/uploads\/2026\/01\/cropped-cropped-cropped-Logo-Maria-Simona.png","width":718,"height":529,"caption":"Maria Simona"},"image":{"@id":"https:\/\/mariasimona.com\/it\/#\/schema\/logo\/image\/"}}]}},"_links":{"self":[{"href":"https:\/\/mariasimona.com\/it\/wp-json\/wp\/v2\/pages\/1873","targetHints":{"allow":["GET"]}}],"collection":[{"href":"https:\/\/mariasimona.com\/it\/wp-json\/wp\/v2\/pages"}],"about":[{"href":"https:\/\/mariasimona.com\/it\/wp-json\/wp\/v2\/types\/page"}],"author":[{"embeddable":true,"href":"https:\/\/mariasimona.com\/it\/wp-json\/wp\/v2\/users\/2"}],"replies":[{"embeddable":true,"href":"https:\/\/mariasimona.com\/it\/wp-json\/wp\/v2\/comments?post=1873"}],"version-history":[{"count":0,"href":"https:\/\/mariasimona.com\/it\/wp-json\/wp\/v2\/pages\/1873\/revisions"}],"wp:attachment":[{"href":"https:\/\/mariasimona.com\/it\/wp-json\/wp\/v2\/media?parent=1873"}],"curies":[{"name":"wp","href":"https:\/\/api.w.org\/{rel}","templated":true}]}}